{"id":1598,"date":"2021-01-18T18:20:07","date_gmt":"2021-01-18T17:20:07","guid":{"rendered":"https:\/\/spidergrupa.hr\/?page_id=1598"},"modified":"2026-03-02T09:23:12","modified_gmt":"2026-03-02T08:23:12","slug":"procesi","status":"publish","type":"page","link":"https:\/\/spidergrupa.hr\/en\/gallery\/procesi\/","title":{"rendered":"Processes"},"content":{"rendered":"<div data-elementor-type=\"wp-page\" data-elementor-id=\"1598\" class=\"elementor elementor-1598\">\n\t\t\t\t\t\t<section class=\"elementor-section elementor-top-section elementor-element elementor-element-4e4a4f8 elementor-section-boxed elementor-section-height-default elementor-section-height-default\" data-id=\"4e4a4f8\" data-element_type=\"section\" data-settings=\"{&quot;background_background&quot;:&quot;classic&quot;}\">\n\t\t\t\t\t\t\t<div class=\"elementor-background-overlay\"><\/div>\n\t\t\t\t\t\t\t<div class=\"elementor-container elementor-column-gap-no\">\n\t\t\t\t\t<div class=\"elementor-column elementor-col-100 elementor-top-column elementor-element elementor-element-68279ce\" data-id=\"68279ce\" data-element_type=\"column\">\n\t\t\t<div class=\"elementor-widget-wrap elementor-element-populated\">\n\t\t\t\t\t\t<div class=\"elementor-element elementor-element-81fb009 elementor-widget elementor-widget-heading\" data-id=\"81fb009\" data-element_type=\"widget\" data-widget_type=\"heading.default\">\n\t\t\t\t<div class=\"elementor-widget-container\">\n\t\t\t\t\t<h1 class=\"elementor-heading-title elementor-size-default\">Processes<\/h1>\t\t\t\t<\/div>\n\t\t\t\t<\/div>\n\t\t\t\t\t<\/div>\n\t\t<\/div>\n\t\t\t\t\t<\/div>\n\t\t<\/section>\n\t\t\t\t<section class=\"elementor-section elementor-top-section elementor-element elementor-element-4d89a9a elementor-section-boxed elementor-section-height-default elementor-section-height-default\" data-id=\"4d89a9a\" data-element_type=\"section\">\n\t\t\t\t\t\t<div class=\"elementor-container elementor-column-gap-default\">\n\t\t\t\t\t<div class=\"elementor-column elementor-col-50 elementor-top-column elementor-element elementor-element-fbde4a3\" data-id=\"fbde4a3\" data-element_type=\"column\">\n\t\t\t<div class=\"elementor-widget-wrap elementor-element-populated\">\n\t\t\t\t\t\t<div class=\"elementor-element elementor-element-a656589 elementor-widget elementor-widget-text-editor\" data-id=\"a656589\" data-element_type=\"widget\" data-widget_type=\"text-editor.default\">\n\t\t\t\t<div class=\"elementor-widget-container\">\n\t\t\t\t\t\t\t\t\t<p>Procesi proizvodnje \u010dajeva i proizvoda na bazi ljekovitog i aromati\u010dnog bilja objedinjeni su u poslovnom sustavu Spider grupe Pitoma\u010da.\u00a0<\/p><p>Vlastiti uzgoj, nabava sirovina, prerada i proizvodnja &#8211; klju\u010dni su dijelovi jedinstvenog poslovnog procesa kojim se osigurava visoka kvaliteta gotovih proizvoda.<\/p>\t\t\t\t\t\t\t\t<\/div>\n\t\t\t\t<\/div>\n\t\t\t\t<div class=\"elementor-element elementor-element-ee32c7b elementor-widget elementor-widget-image-carousel\" data-id=\"ee32c7b\" data-element_type=\"widget\" data-settings=\"{&quot;slides_to_show&quot;:&quot;1&quot;,&quot;navigation&quot;:&quot;none&quot;,&quot;autoplay_speed&quot;:2000,&quot;autoplay&quot;:&quot;yes&quot;,&quot;pause_on_hover&quot;:&quot;yes&quot;,&quot;pause_on_interaction&quot;:&quot;yes&quot;,&quot;infinite&quot;:&quot;yes&quot;,&quot;effect&quot;:&quot;slide&quot;,&quot;speed&quot;:500}\" data-widget_type=\"image-carousel.default\">\n\t\t\t\t<div class=\"elementor-widget-container\">\n\t\t\t\t\t\t\t<div class=\"elementor-image-carousel-wrapper swiper\" role=\"region\" aria-roledescription=\"carousel\" aria-label=\"Vrtuljak slika\" dir=\"ltr\">\n\t\t\t<div class=\"elementor-image-carousel swiper-wrapper\" aria-live=\"off\">\n\t\t\t\t\t\t\t\t<div class=\"swiper-slide\" role=\"group\" aria-roledescription=\"slide\" aria-label=\"1 od 3\"><figure class=\"swiper-slide-inner\"><img decoding=\"async\" class=\"swiper-slide-image\" src=\"https:\/\/spidergrupa.hr\/wp-content\/uploads\/2021\/01\/DSC_0123-scaled.jpg\" alt=\"DSC_0123\" \/><\/figure><\/div><div class=\"swiper-slide\" role=\"group\" aria-roledescription=\"slide\" aria-label=\"2 od 3\"><figure class=\"swiper-slide-inner\"><img decoding=\"async\" class=\"swiper-slide-image\" src=\"https:\/\/spidergrupa.hr\/wp-content\/uploads\/2021\/01\/DSC_0133-scaled.jpg\" alt=\"DSC_0133\" \/><\/figure><\/div><div class=\"swiper-slide\" role=\"group\" aria-roledescription=\"slide\" aria-label=\"3 od 3\"><figure class=\"swiper-slide-inner\"><img decoding=\"async\" class=\"swiper-slide-image\" src=\"https:\/\/spidergrupa.hr\/wp-content\/uploads\/2021\/01\/DSC_0136-scaled.jpg\" alt=\"DSC_0136\" \/><\/figure><\/div>\t\t\t<\/div>\n\t\t\t\t\t\t\t\n\t\t\t\t\t\t\t\t\t<\/div>\n\t\t\t\t\t\t<\/div>\n\t\t\t\t<\/div>\n\t\t\t\t<div class=\"elementor-element elementor-element-8cff307 elementor-widget elementor-widget-image\" data-id=\"8cff307\" data-element_type=\"widget\" data-widget_type=\"image.default\">\n\t\t\t\t<div class=\"elementor-widget-container\">\n\t\t\t\t\t\t\t\t\t\t\t\t\t\t\t<img fetchpriority=\"high\" decoding=\"async\" width=\"1024\" height=\"644\" src=\"https:\/\/spidergrupa.hr\/wp-content\/uploads\/2021\/01\/kontrola-kvalitete-6-1024x644.jpg\" class=\"attachment-large size-large wp-image-1648\" alt=\"\" srcset=\"https:\/\/spidergrupa.hr\/wp-content\/uploads\/2021\/01\/kontrola-kvalitete-6-1024x644.jpg 1024w, https:\/\/spidergrupa.hr\/wp-content\/uploads\/2021\/01\/kontrola-kvalitete-6-300x189.jpg 300w, https:\/\/spidergrupa.hr\/wp-content\/uploads\/2021\/01\/kontrola-kvalitete-6-768x483.jpg 768w, https:\/\/spidergrupa.hr\/wp-content\/uploads\/2021\/01\/kontrola-kvalitete-6-1536x966.jpg 1536w, https:\/\/spidergrupa.hr\/wp-content\/uploads\/2021\/01\/kontrola-kvalitete-6-16x10.jpg 16w, https:\/\/spidergrupa.hr\/wp-content\/uploads\/2021\/01\/kontrola-kvalitete-6.jpg 1697w\" sizes=\"(max-width: 1024px) 100vw, 1024px\" \/>\t\t\t\t\t\t\t\t\t\t\t\t\t\t\t<\/div>\n\t\t\t\t<\/div>\n\t\t\t\t\t<\/div>\n\t\t<\/div>\n\t\t\t\t<div class=\"elementor-column elementor-col-50 elementor-top-column elementor-element elementor-element-ad2ef58\" data-id=\"ad2ef58\" data-element_type=\"column\">\n\t\t\t<div class=\"elementor-widget-wrap elementor-element-populated\">\n\t\t\t\t\t\t<div class=\"elementor-element elementor-element-04e1a23 elementor-widget elementor-widget-image\" data-id=\"04e1a23\" data-element_type=\"widget\" data-widget_type=\"image.default\">\n\t\t\t\t<div class=\"elementor-widget-container\">\n\t\t\t\t\t\t\t\t\t\t\t\t\t\t\t<img decoding=\"async\" width=\"1024\" height=\"605\" src=\"https:\/\/spidergrupa.hr\/wp-content\/uploads\/2023\/04\/pogon-v3-1024x605.png\" class=\"attachment-large size-large wp-image-2152\" alt=\"\" srcset=\"https:\/\/spidergrupa.hr\/wp-content\/uploads\/2023\/04\/pogon-v3-1024x605.png 1024w, https:\/\/spidergrupa.hr\/wp-content\/uploads\/2023\/04\/pogon-v3-300x177.png 300w, https:\/\/spidergrupa.hr\/wp-content\/uploads\/2023\/04\/pogon-v3-768x454.png 768w, https:\/\/spidergrupa.hr\/wp-content\/uploads\/2023\/04\/pogon-v3-18x12.png 18w, https:\/\/spidergrupa.hr\/wp-content\/uploads\/2023\/04\/pogon-v3.png 1525w\" sizes=\"(max-width: 1024px) 100vw, 1024px\" \/>\t\t\t\t\t\t\t\t\t\t\t\t\t\t\t<\/div>\n\t\t\t\t<\/div>\n\t\t\t\t<div class=\"elementor-element elementor-element-0e101fb elementor-widget elementor-widget-text-editor\" data-id=\"0e101fb\" data-element_type=\"widget\" data-widget_type=\"text-editor.default\">\n\t\t\t\t<div class=\"elementor-widget-container\">\n\t\t\t\t\t\t\t\t\t<p>Processing of medicinal and aromatic herbs takes place in a modern processing plant. The production process is controlled at all stages of production. Production capacities allow for numerous options to adapt to customer needs. Product quality assurance and health safety of food products is guaranteed throughout all of the steps in the process of creating final products. Quality confirmation is guaranteed by international standards IFS FOOD, HACCP, EU ORGANIC, UEBT \/ RFA .<\/p>\t\t\t\t\t\t\t\t<\/div>\n\t\t\t\t<\/div>\n\t\t\t\t<div class=\"elementor-element elementor-element-c3c31aa elementor-widget elementor-widget-image\" data-id=\"c3c31aa\" data-element_type=\"widget\" data-widget_type=\"image.default\">\n\t\t\t\t<div class=\"elementor-widget-container\">\n\t\t\t\t\t\t\t\t\t\t\t\t\t\t\t<img decoding=\"async\" width=\"1024\" height=\"638\" src=\"https:\/\/spidergrupa.hr\/wp-content\/uploads\/2023\/03\/WEB-novi-pogon-1024x638.jpg\" class=\"attachment-large size-large wp-image-1913\" alt=\"\" srcset=\"https:\/\/spidergrupa.hr\/wp-content\/uploads\/2023\/03\/WEB-novi-pogon-1024x638.jpg 1024w, https:\/\/spidergrupa.hr\/wp-content\/uploads\/2023\/03\/WEB-novi-pogon-300x187.jpg 300w, https:\/\/spidergrupa.hr\/wp-content\/uploads\/2023\/03\/WEB-novi-pogon-768x479.jpg 768w, https:\/\/spidergrupa.hr\/wp-content\/uploads\/2023\/03\/WEB-novi-pogon-1536x957.jpg 1536w, https:\/\/spidergrupa.hr\/wp-content\/uploads\/2023\/03\/WEB-novi-pogon-2048x1276.jpg 2048w, https:\/\/spidergrupa.hr\/wp-content\/uploads\/2023\/03\/WEB-novi-pogon-18x12.jpg 18w\" sizes=\"(max-width: 1024px) 100vw, 1024px\" \/>\t\t\t\t\t\t\t\t\t\t\t\t\t\t\t<\/div>\n\t\t\t\t<\/div>\n\t\t\t\t\t<\/div>\n\t\t<\/div>\n\t\t\t\t\t<\/div>\n\t\t<\/section>\n\t\t\t\t<section class=\"elementor-section elementor-top-section elementor-element elementor-element-80caa93 elementor-section-boxed elementor-section-height-default elementor-section-height-default\" data-id=\"80caa93\" data-element_type=\"section\">\n\t\t\t\t\t\t<div class=\"elementor-container elementor-column-gap-default\">\n\t\t\t\t\t<div class=\"elementor-column elementor-col-100 elementor-top-column elementor-element elementor-element-b5037cc\" data-id=\"b5037cc\" data-element_type=\"column\">\n\t\t\t<div class=\"elementor-widget-wrap elementor-element-populated\">\n\t\t\t\t\t\t<div class=\"elementor-element elementor-element-2963f53 elementor-align-center elementor-widget elementor-widget-button\" data-id=\"2963f53\" data-element_type=\"widget\" data-widget_type=\"button.default\">\n\t\t\t\t<div class=\"elementor-widget-container\">\n\t\t\t\t\t\t\t\t\t<div class=\"elementor-button-wrapper\">\n\t\t\t\t\t<a class=\"elementor-button elementor-button-link elementor-size-sm\" href=\"https:\/\/spidergrupa.hr\/en\/elementor-2473\/\">\n\t\t\t\t\t\t<span class=\"elementor-button-content-wrapper\">\n\t\t\t\t\t\t\t\t\t<span class=\"elementor-button-text\">Eu projekti<\/span>\n\t\t\t\t\t<\/span>\n\t\t\t\t\t<\/a>\n\t\t\t\t<\/div>\n\t\t\t\t\t\t\t\t<\/div>\n\t\t\t\t<\/div>\n\t\t\t\t<div class=\"elementor-element elementor-element-42759fe elementor-widget elementor-widget-image\" data-id=\"42759fe\" data-element_type=\"widget\" data-widget_type=\"image.default\">\n\t\t\t\t<div class=\"elementor-widget-container\">\n\t\t\t\t\t\t\t\t\t\t\t\t\t\t\t<img loading=\"lazy\" decoding=\"async\" width=\"1024\" height=\"257\" src=\"https:\/\/spidergrupa.hr\/wp-content\/uploads\/2026\/02\/LOGO-WEB-SUFINANC-1024x257.png\" class=\"attachment-large size-large wp-image-2475\" alt=\"\" srcset=\"https:\/\/spidergrupa.hr\/wp-content\/uploads\/2026\/02\/LOGO-WEB-SUFINANC-1024x257.png 1024w, https:\/\/spidergrupa.hr\/wp-content\/uploads\/2026\/02\/LOGO-WEB-SUFINANC-300x75.png 300w, https:\/\/spidergrupa.hr\/wp-content\/uploads\/2026\/02\/LOGO-WEB-SUFINANC-768x192.png 768w, https:\/\/spidergrupa.hr\/wp-content\/uploads\/2026\/02\/LOGO-WEB-SUFINANC-1536x385.png 1536w, https:\/\/spidergrupa.hr\/wp-content\/uploads\/2026\/02\/LOGO-WEB-SUFINANC-18x5.png 18w, https:\/\/spidergrupa.hr\/wp-content\/uploads\/2026\/02\/LOGO-WEB-SUFINANC.png 1600w\" sizes=\"(max-width: 1024px) 100vw, 1024px\" \/>\t\t\t\t\t\t\t\t\t\t\t\t\t\t\t<\/div>\n\t\t\t\t<\/div>\n\t\t\t\t\t<\/div>\n\t\t<\/div>\n\t\t\t\t\t<\/div>\n\t\t<\/section>\n\t\t\t\t<section class=\"elementor-section elementor-top-section elementor-element elementor-element-1aef526 elementor-section-boxed elementor-section-height-default elementor-section-height-default\" data-id=\"1aef526\" data-element_type=\"section\">\n\t\t\t\t\t\t<div class=\"elementor-container elementor-column-gap-default\">\n\t\t\t\t\t<div class=\"elementor-column elementor-col-100 elementor-top-column elementor-element elementor-element-8b39519\" data-id=\"8b39519\" data-element_type=\"column\">\n\t\t\t<div class=\"elementor-widget-wrap\">\n\t\t\t\t\t\t\t<\/div>\n\t\t<\/div>\n\t\t\t\t\t<\/div>\n\t\t<\/section>\n\t\t\t\t<\/div>","protected":false},"excerpt":{"rendered":"<p>Procesi Procesi proizvodnje \u010dajeva i proizvoda na bazi ljekovitog i aromati\u010dnog bilja objedinjeni su u poslovnom sustavu Spider grupe Pitoma\u010da.\u00a0 Vlastiti uzgoj, nabava sirovina, prerada i proizvodnja &#8211; klju\u010dni su dijelovi jedinstvenog poslovnog procesa kojim se osigurava visoka kvaliteta gotovih proizvoda. Prerada ljekovitog i aromati\u010dnog bilja, odvija se u modernom pogonu prerade. Proizvodni proces kontroliran [&hellip;]<\/p>","protected":false},"author":1,"featured_media":0,"parent":32,"menu_order":0,"comment_status":"closed","ping_status":"closed","template":"","meta":{"site-sidebar-layout":"no-sidebar","site-content-layout":"page-builder","ast-site-content-layout":"full-width-container","site-content-style":"unboxed","site-sidebar-style":"unboxed","ast-global-header-display":"","ast-banner-title-visibility":"","ast-main-header-display":"","ast-hfb-above-header-display":"","ast-hfb-below-header-display":"","ast-hfb-mobile-header-display":"","site-post-title":"disabled","ast-breadcrumbs-content":"","ast-featured-img":"disabled","footer-sml-layout":"","theme-transparent-header-meta":"default","adv-header-id-meta":"","stick-header-meta":"","header-above-stick-meta":"","header-main-stick-meta":"","header-below-stick-meta":"","astra-migrate-meta-layouts":"set","ast-page-background-enabled":"default","ast-page-background-meta":{"desktop":{"background-color":"","background-image":"","background-repeat":"repeat","background-position":"center center","background-size":"auto","background-attachment":"scroll","background-type":"","background-media":"","overlay-type":"","overlay-color":"","overlay-opacity":"","overlay-gradient":""},"tablet":{"background-color":"","background-image":"","background-repeat":"repeat","background-position":"center center","background-size":"auto","background-attachment":"scroll","background-type":"","background-media":"","overlay-type":"","overlay-color":"","overlay-opacity":"","overlay-gradient":""},"mobile":{"background-color":"","background-image":"","background-repeat":"repeat","background-position":"center center","background-size":"auto","background-attachment":"scroll","background-type":"","background-media":"","overlay-type":"","overlay-color":"","overlay-opacity":"","overlay-gradient":""}},"ast-content-background-meta":{"desktop":{"background-color":"var(--ast-global-color-5)","background-image":"","background-repeat":"repeat","background-position":"center center","background-size":"auto","background-attachment":"scroll","background-type":"","background-media":"","overlay-type":"","overlay-color":"","overlay-opacity":"","overlay-gradient":""},"tablet":{"background-color":"var(--ast-global-color-5)","background-image":"","background-repeat":"repeat","background-position":"center center","background-size":"auto","background-attachment":"scroll","background-type":"","background-media":"","overlay-type":"","overlay-color":"","overlay-opacity":"","overlay-gradient":""},"mobile":{"background-color":"var(--ast-global-color-5)","background-image":"","background-repeat":"repeat","background-position":"center center","background-size":"auto","background-attachment":"scroll","background-type":"","background-media":"","overlay-type":"","overlay-color":"","overlay-opacity":"","overlay-gradient":""}},"footnotes":""},"class_list":["post-1598","page","type-page","status-publish","hentry"],"_links":{"self":[{"href":"https:\/\/spidergrupa.hr\/en\/wp-json\/wp\/v2\/pages\/1598","targetHints":{"allow":["GET"]}}],"collection":[{"href":"https:\/\/spidergrupa.hr\/en\/wp-json\/wp\/v2\/pages"}],"about":[{"href":"https:\/\/spidergrupa.hr\/en\/wp-json\/wp\/v2\/types\/page"}],"author":[{"embeddable":true,"href":"https:\/\/spidergrupa.hr\/en\/wp-json\/wp\/v2\/users\/1"}],"replies":[{"embeddable":true,"href":"https:\/\/spidergrupa.hr\/en\/wp-json\/wp\/v2\/comments?post=1598"}],"version-history":[{"count":93,"href":"https:\/\/spidergrupa.hr\/en\/wp-json\/wp\/v2\/pages\/1598\/revisions"}],"predecessor-version":[{"id":2512,"href":"https:\/\/spidergrupa.hr\/en\/wp-json\/wp\/v2\/pages\/1598\/revisions\/2512"}],"up":[{"embeddable":true,"href":"https:\/\/spidergrupa.hr\/en\/wp-json\/wp\/v2\/pages\/32"}],"wp:attachment":[{"href":"https:\/\/spidergrupa.hr\/en\/wp-json\/wp\/v2\/media?parent=1598"}],"curies":[{"name":"wp","href":"https:\/\/api.w.org\/{rel}","templated":true}]}}