{"id":1602,"date":"2021-01-18T18:22:27","date_gmt":"2021-01-18T17:22:27","guid":{"rendered":"https:\/\/spidergrupa.hr\/?page_id=1602"},"modified":"2023-04-06T13:27:17","modified_gmt":"2023-04-06T11:27:17","slug":"proizvodnja-2","status":"publish","type":"page","link":"https:\/\/spidergrupa.hr\/en\/gallery\/proizvodnja-2\/","title":{"rendered":"Cultivation"},"content":{"rendered":"<div data-elementor-type=\"wp-page\" data-elementor-id=\"1602\" class=\"elementor elementor-1602\">\n\t\t\t\t\t\t<section class=\"elementor-section elementor-top-section elementor-element elementor-element-e71d9bb elementor-section-boxed elementor-section-height-default elementor-section-height-default\" data-id=\"e71d9bb\" data-element_type=\"section\" data-settings=\"{&quot;background_background&quot;:&quot;classic&quot;}\">\n\t\t\t\t\t\t\t<div class=\"elementor-background-overlay\"><\/div>\n\t\t\t\t\t\t\t<div class=\"elementor-container elementor-column-gap-default\">\n\t\t\t\t\t<div class=\"elementor-column elementor-col-100 elementor-top-column elementor-element elementor-element-ca9eae9\" data-id=\"ca9eae9\" data-element_type=\"column\">\n\t\t\t<div class=\"elementor-widget-wrap elementor-element-populated\">\n\t\t\t\t\t\t<div class=\"elementor-element elementor-element-60d3809 elementor-widget elementor-widget-heading\" data-id=\"60d3809\" data-element_type=\"widget\" data-widget_type=\"heading.default\">\n\t\t\t\t<div class=\"elementor-widget-container\">\n\t\t\t\t\t<h1 class=\"elementor-heading-title elementor-size-default\">Cultivation<\/h1>\t\t\t\t<\/div>\n\t\t\t\t<\/div>\n\t\t\t\t\t<\/div>\n\t\t<\/div>\n\t\t\t\t\t<\/div>\n\t\t<\/section>\n\t\t\t\t<section class=\"elementor-section elementor-top-section elementor-element elementor-element-4d89a9a elementor-section-boxed elementor-section-height-default elementor-section-height-default\" data-id=\"4d89a9a\" data-element_type=\"section\">\n\t\t\t\t\t\t<div class=\"elementor-container elementor-column-gap-default\">\n\t\t\t\t\t<div class=\"elementor-column elementor-col-50 elementor-top-column elementor-element elementor-element-fbde4a3\" data-id=\"fbde4a3\" data-element_type=\"column\">\n\t\t\t<div class=\"elementor-widget-wrap elementor-element-populated\">\n\t\t\t\t\t\t<div class=\"elementor-element elementor-element-a656589 elementor-widget elementor-widget-text-editor\" data-id=\"a656589\" data-element_type=\"widget\" data-widget_type=\"text-editor.default\">\n\t\t\t\t<div class=\"elementor-widget-container\">\n\t\t\t\t\t\t\t\t\t<p>Uzgoj ljekovitog i aromati\u010dnog bilja prema smjernicama EKO \/BIO uzgoja na vlastitim poljima.<\/p><p>Sustav odr\u017eive proizvodnje uz primjenu moderne tehnologije.<\/p><p>Klju\u010dne kulture u BIO uzgoju su:<\/p><ul><li>kamilica &#8211; <em>matricaria chamomilla<\/em><\/li><li>menta &#8211; <em>mentha piperita<\/em><\/li><li>mati\u010dnjak &#8211; <em>melissa officinalis<\/em><\/li><\/ul><p>and numerous other plant species that are also available in conventional cultivation.<\/p>\t\t\t\t\t\t\t\t<\/div>\n\t\t\t\t<\/div>\n\t\t\t\t<div class=\"elementor-element elementor-element-ee32c7b elementor-widget elementor-widget-image-carousel\" data-id=\"ee32c7b\" data-element_type=\"widget\" data-settings=\"{&quot;slides_to_show&quot;:&quot;1&quot;,&quot;navigation&quot;:&quot;none&quot;,&quot;autoplay_speed&quot;:2000,&quot;autoplay&quot;:&quot;yes&quot;,&quot;pause_on_hover&quot;:&quot;yes&quot;,&quot;pause_on_interaction&quot;:&quot;yes&quot;,&quot;infinite&quot;:&quot;yes&quot;,&quot;effect&quot;:&quot;slide&quot;,&quot;speed&quot;:500}\" data-widget_type=\"image-carousel.default\">\n\t\t\t\t<div class=\"elementor-widget-container\">\n\t\t\t\t\t\t\t<div class=\"elementor-image-carousel-wrapper swiper\" role=\"region\" aria-roledescription=\"carousel\" aria-label=\"Vrtuljak slika\" dir=\"ltr\">\n\t\t\t<div class=\"elementor-image-carousel swiper-wrapper\" aria-live=\"off\">\n\t\t\t\t\t\t\t\t<div class=\"swiper-slide\" role=\"group\" aria-roledescription=\"slide\" aria-label=\"1 od 3\"><figure class=\"swiper-slide-inner\"><img decoding=\"async\" class=\"swiper-slide-image\" src=\"https:\/\/spidergrupa.hr\/wp-content\/uploads\/2023\/03\/biof-01.jpg\" alt=\"biof 01\" \/><\/figure><\/div><div class=\"swiper-slide\" role=\"group\" aria-roledescription=\"slide\" aria-label=\"2 od 3\"><figure class=\"swiper-slide-inner\"><img decoding=\"async\" class=\"swiper-slide-image\" src=\"https:\/\/spidergrupa.hr\/wp-content\/uploads\/2023\/03\/biof-kam-.jpg\" alt=\"biof kam\" \/><\/figure><\/div><div class=\"swiper-slide\" role=\"group\" aria-roledescription=\"slide\" aria-label=\"3 od 3\"><figure class=\"swiper-slide-inner\"><img decoding=\"async\" class=\"swiper-slide-image\" src=\"https:\/\/spidergrupa.hr\/wp-content\/uploads\/2023\/04\/jan-spider-panorama.png\" alt=\"jan-spider-panorama\" \/><\/figure><\/div>\t\t\t<\/div>\n\t\t\t\t\t\t\t\n\t\t\t\t\t\t\t\t\t<\/div>\n\t\t\t\t\t\t<\/div>\n\t\t\t\t<\/div>\n\t\t\t\t<div class=\"elementor-element elementor-element-8cff307 elementor-widget elementor-widget-image\" data-id=\"8cff307\" data-element_type=\"widget\" data-widget_type=\"image.default\">\n\t\t\t\t<div class=\"elementor-widget-container\">\n\t\t\t\t\t\t\t\t\t\t\t\t\t\t\t<img fetchpriority=\"high\" decoding=\"async\" width=\"1024\" height=\"574\" src=\"https:\/\/spidergrupa.hr\/wp-content\/uploads\/2023\/03\/biof-mat-01-1024x574.jpg\" class=\"attachment-large size-large wp-image-1903\" alt=\"\" srcset=\"https:\/\/spidergrupa.hr\/wp-content\/uploads\/2023\/03\/biof-mat-01-1024x574.jpg 1024w, https:\/\/spidergrupa.hr\/wp-content\/uploads\/2023\/03\/biof-mat-01-300x168.jpg 300w, https:\/\/spidergrupa.hr\/wp-content\/uploads\/2023\/03\/biof-mat-01-768x430.jpg 768w, https:\/\/spidergrupa.hr\/wp-content\/uploads\/2023\/03\/biof-mat-01-1536x861.jpg 1536w, https:\/\/spidergrupa.hr\/wp-content\/uploads\/2023\/03\/biof-mat-01-18x10.jpg 18w, https:\/\/spidergrupa.hr\/wp-content\/uploads\/2023\/03\/biof-mat-01.jpg 1674w\" sizes=\"(max-width: 1024px) 100vw, 1024px\" \/>\t\t\t\t\t\t\t\t\t\t\t\t\t\t\t<\/div>\n\t\t\t\t<\/div>\n\t\t\t\t\t<\/div>\n\t\t<\/div>\n\t\t\t\t<div class=\"elementor-column elementor-col-50 elementor-top-column elementor-element elementor-element-ad2ef58\" data-id=\"ad2ef58\" data-element_type=\"column\">\n\t\t\t<div class=\"elementor-widget-wrap elementor-element-populated\">\n\t\t\t\t\t\t<div class=\"elementor-element elementor-element-c3c31aa elementor-widget elementor-widget-image\" data-id=\"c3c31aa\" data-element_type=\"widget\" data-widget_type=\"image.default\">\n\t\t\t\t<div class=\"elementor-widget-container\">\n\t\t\t\t\t\t\t\t\t\t\t\t\t\t\t<img decoding=\"async\" width=\"1024\" height=\"576\" src=\"https:\/\/spidergrupa.hr\/wp-content\/uploads\/2023\/03\/BIOFARMA-SJETVA-KAMILICE-1024x576.jpg\" class=\"attachment-large size-large wp-image-1916\" alt=\"\" srcset=\"https:\/\/spidergrupa.hr\/wp-content\/uploads\/2023\/03\/BIOFARMA-SJETVA-KAMILICE-1024x576.jpg 1024w, https:\/\/spidergrupa.hr\/wp-content\/uploads\/2023\/03\/BIOFARMA-SJETVA-KAMILICE-300x169.jpg 300w, https:\/\/spidergrupa.hr\/wp-content\/uploads\/2023\/03\/BIOFARMA-SJETVA-KAMILICE-768x432.jpg 768w, https:\/\/spidergrupa.hr\/wp-content\/uploads\/2023\/03\/BIOFARMA-SJETVA-KAMILICE-1536x864.jpg 1536w, https:\/\/spidergrupa.hr\/wp-content\/uploads\/2023\/03\/BIOFARMA-SJETVA-KAMILICE-18x10.jpg 18w, https:\/\/spidergrupa.hr\/wp-content\/uploads\/2023\/03\/BIOFARMA-SJETVA-KAMILICE.jpg 1920w\" sizes=\"(max-width: 1024px) 100vw, 1024px\" \/>\t\t\t\t\t\t\t\t\t\t\t\t\t\t\t<\/div>\n\t\t\t\t<\/div>\n\t\t\t\t<div class=\"elementor-element elementor-element-2457b83 elementor-widget elementor-widget-image\" data-id=\"2457b83\" data-element_type=\"widget\" data-widget_type=\"image.default\">\n\t\t\t\t<div class=\"elementor-widget-container\">\n\t\t\t\t\t\t\t\t\t\t\t\t\t\t\t<img decoding=\"async\" width=\"1024\" height=\"680\" src=\"https:\/\/spidergrupa.hr\/wp-content\/uploads\/2021\/01\/DSC_0136-1024x680.jpg\" class=\"attachment-large size-large wp-image-1646\" alt=\"\" srcset=\"https:\/\/spidergrupa.hr\/wp-content\/uploads\/2021\/01\/DSC_0136-1024x680.jpg 1024w, https:\/\/spidergrupa.hr\/wp-content\/uploads\/2021\/01\/DSC_0136-300x199.jpg 300w, https:\/\/spidergrupa.hr\/wp-content\/uploads\/2021\/01\/DSC_0136-768x510.jpg 768w, https:\/\/spidergrupa.hr\/wp-content\/uploads\/2021\/01\/DSC_0136-1536x1020.jpg 1536w, https:\/\/spidergrupa.hr\/wp-content\/uploads\/2021\/01\/DSC_0136-2048x1360.jpg 2048w, https:\/\/spidergrupa.hr\/wp-content\/uploads\/2021\/01\/DSC_0136-16x12.jpg 16w\" sizes=\"(max-width: 1024px) 100vw, 1024px\" \/>\t\t\t\t\t\t\t\t\t\t\t\t\t\t\t<\/div>\n\t\t\t\t<\/div>\n\t\t\t\t<div class=\"elementor-element elementor-element-363eb0b elementor-widget elementor-widget-image\" data-id=\"363eb0b\" data-element_type=\"widget\" data-widget_type=\"image.default\">\n\t\t\t\t<div class=\"elementor-widget-container\">\n\t\t\t\t\t\t\t\t\t\t\t\t\t\t\t<img loading=\"lazy\" decoding=\"async\" width=\"1024\" height=\"557\" src=\"https:\/\/spidergrupa.hr\/wp-content\/uploads\/2023\/04\/eko-timijan-v2-1024x557.png\" class=\"attachment-large size-large wp-image-2172\" alt=\"\" srcset=\"https:\/\/spidergrupa.hr\/wp-content\/uploads\/2023\/04\/eko-timijan-v2-1024x557.png 1024w, https:\/\/spidergrupa.hr\/wp-content\/uploads\/2023\/04\/eko-timijan-v2-300x163.png 300w, https:\/\/spidergrupa.hr\/wp-content\/uploads\/2023\/04\/eko-timijan-v2-768x418.png 768w, https:\/\/spidergrupa.hr\/wp-content\/uploads\/2023\/04\/eko-timijan-v2-1536x836.png 1536w, https:\/\/spidergrupa.hr\/wp-content\/uploads\/2023\/04\/eko-timijan-v2-2048x1114.png 2048w, https:\/\/spidergrupa.hr\/wp-content\/uploads\/2023\/04\/eko-timijan-v2-18x10.png 18w\" sizes=\"(max-width: 1024px) 100vw, 1024px\" \/>\t\t\t\t\t\t\t\t\t\t\t\t\t\t\t<\/div>\n\t\t\t\t<\/div>\n\t\t\t\t\t<\/div>\n\t\t<\/div>\n\t\t\t\t\t<\/div>\n\t\t<\/section>\n\t\t\t\t<\/div>","protected":false},"excerpt":{"rendered":"<p>Proizvodnja Uzgoj ljekovitog i aromati\u010dnog bilja prema smjernicama EKO \/BIO uzgoja na vlastitim poljima. Sustav odr\u017eive proizvodnje uz primjenu moderne tehnologije. Klju\u010dne kulture u BIO uzgoju su: kamilica &#8211; matricaria chamomilla menta &#8211; mentha piperita mati\u010dnjak &#8211; melissa officinalis i brojne druge biljne vrste koje su dobavljive i u konvencionalnom uzgoju.<\/p>","protected":false},"author":1,"featured_media":0,"parent":32,"menu_order":0,"comment_status":"closed","ping_status":"closed","template":"","meta":{"site-sidebar-layout":"no-sidebar","site-content-layout":"page-builder","ast-site-content-layout":"default","site-content-style":"default","site-sidebar-style":"default","ast-global-header-display":"","ast-banner-title-visibility":"","ast-main-header-display":"","ast-hfb-above-header-display":"","ast-hfb-below-header-display":"","ast-hfb-mobile-header-display":"","site-post-title":"disabled","ast-breadcrumbs-content":"","ast-featured-img":"disabled","footer-sml-layout":"","theme-transparent-header-meta":"default","adv-header-id-meta":"","stick-header-meta":"","header-above-stick-meta":"","header-main-stick-meta":"","header-below-stick-meta":"","astra-migrate-meta-layouts":"default","ast-page-background-enabled":"default","ast-page-background-meta":{"desktop":{"background-color":"","background-image":"","background-repeat":"repeat","background-position":"center center","background-size":"auto","background-attachment":"scroll","background-type":"","background-media":"","overlay-type":"","overlay-color":"","overlay-opacity":"","overlay-gradient":""},"tablet":{"background-color":"","background-image":"","background-repeat":"repeat","background-position":"center center","background-size":"auto","background-attachment":"scroll","background-type":"","background-media":"","overlay-type":"","overlay-color":"","overlay-opacity":"","overlay-gradient":""},"mobile":{"background-color":"","background-image":"","background-repeat":"repeat","background-position":"center center","background-size":"auto","background-attachment":"scroll","background-type":"","background-media":"","overlay-type":"","overlay-color":"","overlay-opacity":"","overlay-gradient":""}},"ast-content-background-meta":{"desktop":{"background-color":"var(--ast-global-color-5)","background-image":"","background-repeat":"repeat","background-position":"center center","background-size":"auto","background-attachment":"scroll","background-type":"","background-media":"","overlay-type":"","overlay-color":"","overlay-opacity":"","overlay-gradient":""},"tablet":{"background-color":"var(--ast-global-color-5)","background-image":"","background-repeat":"repeat","background-position":"center center","background-size":"auto","background-attachment":"scroll","background-type":"","background-media":"","overlay-type":"","overlay-color":"","overlay-opacity":"","overlay-gradient":""},"mobile":{"background-color":"var(--ast-global-color-5)","background-image":"","background-repeat":"repeat","background-position":"center center","background-size":"auto","background-attachment":"scroll","background-type":"","background-media":"","overlay-type":"","overlay-color":"","overlay-opacity":"","overlay-gradient":""}},"footnotes":""},"class_list":["post-1602","page","type-page","status-publish","hentry"],"_links":{"self":[{"href":"https:\/\/spidergrupa.hr\/en\/wp-json\/wp\/v2\/pages\/1602","targetHints":{"allow":["GET"]}}],"collection":[{"href":"https:\/\/spidergrupa.hr\/en\/wp-json\/wp\/v2\/pages"}],"about":[{"href":"https:\/\/spidergrupa.hr\/en\/wp-json\/wp\/v2\/types\/page"}],"author":[{"embeddable":true,"href":"https:\/\/spidergrupa.hr\/en\/wp-json\/wp\/v2\/users\/1"}],"replies":[{"embeddable":true,"href":"https:\/\/spidergrupa.hr\/en\/wp-json\/wp\/v2\/comments?post=1602"}],"version-history":[{"count":52,"href":"https:\/\/spidergrupa.hr\/en\/wp-json\/wp\/v2\/pages\/1602\/revisions"}],"predecessor-version":[{"id":2179,"href":"https:\/\/spidergrupa.hr\/en\/wp-json\/wp\/v2\/pages\/1602\/revisions\/2179"}],"up":[{"embeddable":true,"href":"https:\/\/spidergrupa.hr\/en\/wp-json\/wp\/v2\/pages\/32"}],"wp:attachment":[{"href":"https:\/\/spidergrupa.hr\/en\/wp-json\/wp\/v2\/media?parent=1602"}],"curies":[{"name":"wp","href":"https:\/\/api.w.org\/{rel}","templated":true}]}}