{"id":1836,"date":"2021-09-02T14:05:59","date_gmt":"2021-09-02T12:05:59","guid":{"rendered":"https:\/\/spidergrupa.hr\/?page_id=1836"},"modified":"2021-09-02T14:09:22","modified_gmt":"2021-09-02T12:09:22","slug":"izvjestaj-postupka-selekcije-trademarketing-direktor","status":"publish","type":"page","link":"https:\/\/spidergrupa.hr\/en\/izvjestaj-postupka-selekcije-trademarketing-direktor\/","title":{"rendered":"IZVJE\u0160TAJ POSTUPKA SELEKCIJE TRADE&amp;MARKETING DIREKTOR"},"content":{"rendered":"<p>Postupak selekcije kandidata, za radno mjesto direktora prodaje i marketinga (robna marka Naturavita), proveden je putem objavljenog natje\u010daja objavljenog na stranicama mojposao.net.<br \/>\nPrijavilo se ukupno 41 kandidat od kojih je 9 pozvano u prvi krug razgovora. Dva kandidata nisu pristupila pozivu (dva navrata poziva).<br \/>\nFaza 1. i faza 2. odnose se na primarni postupak selekcije i zavr\u0161etak tih faza je odre\u0111en prijedlogom kandidata za ponudu radnog mjesta.<br \/>\nFaza 1. je odre\u0111ena preduvjetima kojima se u rasponu od 12 do 20 bodova rangiraju prijave kandidata, dok je Faza 2. samo upoznavanje i otvoren razgovor sa kandidatima.<br \/>\nPostupak se mo\u017ee ponoviti sa dodatnim izvorom kandidata koji nisu imali dovoljan broj bodova u Fazi 1., odnosno ukoliko je odluka da u obzir uzmu kandidati koji ne zadovoljavaju sve postavljene kriterije kompetencija za to radno mjesto. Jedan od klju\u010dnih filtera kandidata je FMCG iskustvo u prodaji i marketingu, najmanje 3 godine.<br \/>\nRezultati postupka selekcije i neposredna opa\u017eanja su navedena nakon kratkog opisa kandidata.<br \/>\nCilj upoznavanja kandidata i metode procjene se odnose na prijenos op\u0107ih informacija o nama kao kompaniji i okru\u017eenju te njihovo mi\u0161ljenje o mogu\u0107nosti i \u017eelji preuzimanja obveza.<br \/>\nSvi kandidati na razgovoru imaju relevantno radno iskustvo u navedenom podru\u010dju, posebno valja istaknuti iskustvo rada kod distributera.<br \/>\nSvi kandidati imaju izra\u017eenu poslovnu kulturu te iskustvo rada u velikim sustavima. Velik broj kandidata je istaknuo \u017eelju da rade za na\u0161u kompaniju \u2013 to mo\u017eemo prepoznati kao pozitivan javni image i prepoznatljivost kompanije u poslovnom okru\u017eenju. To potvr\u0111uje i \u010dinjenica da su se pripremili sa poslovnim podacima o udjelu robne marke na tr\u017ei\u0161tu, vlasni\u010dke strukture te poznavanjem trendova na tr\u017ei\u0161tima.<\/p>\n<p><a href=\"#\" role=\"button\"><br \/>\nKliknite ovdje<br \/>\n<\/a><\/p>","protected":false},"excerpt":{"rendered":"<p>Postupak selekcije kandidata, za radno mjesto direktora prodaje i marketinga (robna marka Naturavita), proveden je putem objavljenog natje\u010daja objavljenog na stranicama mojposao.net. Prijavilo se ukupno 41 kandidat od kojih je 9 pozvano u prvi krug razgovora. Dva kandidata nisu pristupila pozivu (dva navrata poziva). Faza 1. i faza 2. odnose se na primarni postupak selekcije [&hellip;]<\/p>","protected":false},"author":3,"featured_media":0,"parent":0,"menu_order":0,"comment_status":"closed","ping_status":"closed","template":"","meta":{"site-sidebar-layout":"no-sidebar","site-content-layout":"page-builder","ast-site-content-layout":"default","site-content-style":"default","site-sidebar-style":"default","ast-global-header-display":"","ast-banner-title-visibility":"","ast-main-header-display":"","ast-hfb-above-header-display":"","ast-hfb-below-header-display":"","ast-hfb-mobile-header-display":"","site-post-title":"disabled","ast-breadcrumbs-content":"","ast-featured-img":"disabled","footer-sml-layout":"","theme-transparent-header-meta":"default","adv-header-id-meta":"","stick-header-meta":"","header-above-stick-meta":"","header-main-stick-meta":"","header-below-stick-meta":"","astra-migrate-meta-layouts":"default","ast-page-background-enabled":"default","ast-page-background-meta":{"desktop":{"background-color":"","background-image":"","background-repeat":"repeat","background-position":"center center","background-size":"auto","background-attachment":"scroll","background-type":"","background-media":"","overlay-type":"","overlay-color":"","overlay-opacity":"","overlay-gradient":""},"tablet":{"background-color":"","background-image":"","background-repeat":"repeat","background-position":"center center","background-size":"auto","background-attachment":"scroll","background-type":"","background-media":"","overlay-type":"","overlay-color":"","overlay-opacity":"","overlay-gradient":""},"mobile":{"background-color":"","background-image":"","background-repeat":"repeat","background-position":"center center","background-size":"auto","background-attachment":"scroll","background-type":"","background-media":"","overlay-type":"","overlay-color":"","overlay-opacity":"","overlay-gradient":""}},"ast-content-background-meta":{"desktop":{"background-color":"var(--ast-global-color-5)","background-image":"","background-repeat":"repeat","background-position":"center center","background-size":"auto","background-attachment":"scroll","background-type":"","background-media":"","overlay-type":"","overlay-color":"","overlay-opacity":"","overlay-gradient":""},"tablet":{"background-color":"var(--ast-global-color-5)","background-image":"","background-repeat":"repeat","background-position":"center center","background-size":"auto","background-attachment":"scroll","background-type":"","background-media":"","overlay-type":"","overlay-color":"","overlay-opacity":"","overlay-gradient":""},"mobile":{"background-color":"var(--ast-global-color-5)","background-image":"","background-repeat":"repeat","background-position":"center center","background-size":"auto","background-attachment":"scroll","background-type":"","background-media":"","overlay-type":"","overlay-color":"","overlay-opacity":"","overlay-gradient":""}},"footnotes":""},"class_list":["post-1836","page","type-page","status-publish","hentry"],"_links":{"self":[{"href":"https:\/\/spidergrupa.hr\/en\/wp-json\/wp\/v2\/pages\/1836","targetHints":{"allow":["GET"]}}],"collection":[{"href":"https:\/\/spidergrupa.hr\/en\/wp-json\/wp\/v2\/pages"}],"about":[{"href":"https:\/\/spidergrupa.hr\/en\/wp-json\/wp\/v2\/types\/page"}],"author":[{"embeddable":true,"href":"https:\/\/spidergrupa.hr\/en\/wp-json\/wp\/v2\/users\/3"}],"replies":[{"embeddable":true,"href":"https:\/\/spidergrupa.hr\/en\/wp-json\/wp\/v2\/comments?post=1836"}],"version-history":[{"count":8,"href":"https:\/\/spidergrupa.hr\/en\/wp-json\/wp\/v2\/pages\/1836\/revisions"}],"predecessor-version":[{"id":1844,"href":"https:\/\/spidergrupa.hr\/en\/wp-json\/wp\/v2\/pages\/1836\/revisions\/1844"}],"wp:attachment":[{"href":"https:\/\/spidergrupa.hr\/en\/wp-json\/wp\/v2\/media?parent=1836"}],"curies":[{"name":"wp","href":"https:\/\/api.w.org\/{rel}","templated":true}]}}