{"id":2325,"date":"2024-06-19T10:41:36","date_gmt":"2024-06-19T08:41:36","guid":{"rendered":"https:\/\/spidergrupa.hr\/?page_id=2325"},"modified":"2024-06-19T10:47:56","modified_gmt":"2024-06-19T08:47:56","slug":"prijave-kandiati-referent-nabave-jans-lipanj-2024","status":"publish","type":"page","link":"https:\/\/spidergrupa.hr\/en\/prijave-kandiati-referent-nabave-jans-lipanj-2024\/","title":{"rendered":"Prijave kandiati REFERENT NABAVE JANS Lipanj 2024."},"content":{"rendered":"<div data-elementor-type=\"wp-page\" data-elementor-id=\"2325\" class=\"elementor elementor-2325\">\n\t\t\t\t\t\t<section class=\"elementor-section elementor-top-section elementor-element elementor-element-26eea80 elementor-section-boxed elementor-section-height-default elementor-section-height-default\" data-id=\"26eea80\" data-element_type=\"section\">\n\t\t\t\t\t\t<div class=\"elementor-container elementor-column-gap-default\">\n\t\t\t\t\t<div class=\"elementor-column elementor-col-100 elementor-top-column elementor-element elementor-element-ffd78a7\" data-id=\"ffd78a7\" data-element_type=\"column\">\n\t\t\t<div class=\"elementor-widget-wrap elementor-element-populated\">\n\t\t\t\t\t\t<div class=\"elementor-element elementor-element-d52708c elementor-widget elementor-widget-text-editor\" data-id=\"d52708c\" data-element_type=\"widget\" data-widget_type=\"text-editor.default\">\n\t\t\t\t<div class=\"elementor-widget-container\">\n\t\t\t\t\t\t\t\t\t<p>Popis kandidata se nalazi dolje ni\u017ee u karticama sa Imenima i Prezimenima<\/p><p>Ukupno je prijavljeno 8 kandidata, od kojih 2 kandidata nemaju formalne kompetencije koje su tra\u017eene za ovo radno mjesto<\/p><p>Kandidati su ispunili obrasce koji se standardno koriste u postupku selekcije Spider grupa d.o.o. (osim Petar Bari\u0161i\u0107), obrada profila je uobi\u010dajena prije selekcijskog razgovora &#8211; a kako je selekcija uvjetovana razgovorom s jednim kandidatom, po potrebi \u0107e biti mogu\u0107e napraviti detaljnu obradu svakog kandidata ponaosob i obaviti selekcijski postupak u potpunosti.<\/p><p>Unutar svake kartice sa imenom kandidata, nalazi se link na \u017eivotopise i druge materijale koje su dostavili u prijavi.<\/p><p>Zvonimir Bartoli\u0107, Spider grupa Pitoma\u010da, 19.06.2024.<\/p>\t\t\t\t\t\t\t\t<\/div>\n\t\t\t\t<\/div>\n\t\t\t\t\t<\/div>\n\t\t<\/div>\n\t\t\t\t\t<\/div>\n\t\t<\/section>\n\t\t\t\t<section class=\"elementor-section elementor-top-section elementor-element elementor-element-2fcf516 elementor-section-boxed elementor-section-height-default elementor-section-height-default\" data-id=\"2fcf516\" data-element_type=\"section\">\n\t\t\t\t\t\t<div class=\"elementor-container elementor-column-gap-default\">\n\t\t\t\t\t<div class=\"elementor-column elementor-col-100 elementor-top-column elementor-element elementor-element-09447ca\" data-id=\"09447ca\" data-element_type=\"column\">\n\t\t\t<div class=\"elementor-widget-wrap elementor-element-populated\">\n\t\t\t\t\t\t<div class=\"elementor-element elementor-element-f01f58e elementor-tabs-view-horizontal elementor-widget elementor-widget-tabs\" data-id=\"f01f58e\" data-element_type=\"widget\" data-widget_type=\"tabs.default\">\n\t\t\t\t<div class=\"elementor-widget-container\">\n\t\t\t\t\t\t\t<div class=\"elementor-tabs\">\n\t\t\t<div class=\"elementor-tabs-wrapper\" role=\"tablist\" >\n\t\t\t\t\t\t\t\t\t<div id=\"elementor-tab-title-2511\" class=\"elementor-tab-title elementor-tab-desktop-title\" aria-selected=\"true\" data-tab=\"1\" role=\"tab\" tabindex=\"0\" aria-controls=\"elementor-tab-content-2511\" aria-expanded=\"false\">Alen \u0160uvak<\/div>\n\t\t\t\t\t\t\t\t\t<div id=\"elementor-tab-title-2512\" class=\"elementor-tab-title elementor-tab-desktop-title\" aria-selected=\"false\" data-tab=\"2\" role=\"tab\" tabindex=\"-1\" aria-controls=\"elementor-tab-content-2512\" aria-expanded=\"false\">Filip Pokupi\u0107<\/div>\n\t\t\t\t\t\t\t\t\t<div id=\"elementor-tab-title-2513\" class=\"elementor-tab-title elementor-tab-desktop-title\" aria-selected=\"false\" data-tab=\"3\" role=\"tab\" tabindex=\"-1\" aria-controls=\"elementor-tab-content-2513\" aria-expanded=\"false\">Marko Rakija\u0161i\u0107<\/div>\n\t\t\t\t\t\t\t\t\t<div id=\"elementor-tab-title-2514\" class=\"elementor-tab-title elementor-tab-desktop-title\" aria-selected=\"false\" data-tab=\"4\" role=\"tab\" tabindex=\"-1\" aria-controls=\"elementor-tab-content-2514\" aria-expanded=\"false\">Matija Gudi\u0107<\/div>\n\t\t\t\t\t\t\t\t\t<div id=\"elementor-tab-title-2515\" class=\"elementor-tab-title elementor-tab-desktop-title\" aria-selected=\"false\" data-tab=\"5\" role=\"tab\" tabindex=\"-1\" aria-controls=\"elementor-tab-content-2515\" aria-expanded=\"false\">Petar Bari\u0161i\u0107<\/div>\n\t\t\t\t\t\t\t\t\t<div id=\"elementor-tab-title-2516\" class=\"elementor-tab-title elementor-tab-desktop-title\" aria-selected=\"false\" data-tab=\"6\" role=\"tab\" tabindex=\"-1\" aria-controls=\"elementor-tab-content-2516\" aria-expanded=\"false\">Jelena Perokovi\u0107 (Huzijak)<\/div>\n\t\t\t\t\t\t\t\t\t<div id=\"elementor-tab-title-2517\" class=\"elementor-tab-title elementor-tab-desktop-title\" aria-selected=\"false\" data-tab=\"7\" role=\"tab\" tabindex=\"-1\" aria-controls=\"elementor-tab-content-2517\" aria-expanded=\"false\">Marina Hr\u017eenjak<\/div>\n\t\t\t\t\t\t\t\t\t<div id=\"elementor-tab-title-2518\" class=\"elementor-tab-title elementor-tab-desktop-title\" aria-selected=\"false\" data-tab=\"8\" role=\"tab\" tabindex=\"-1\" aria-controls=\"elementor-tab-content-2518\" aria-expanded=\"false\">Romana Doki\u0107 Jarnjak<\/div>\n\t\t\t\t\t\t\t\t\t<div id=\"elementor-tab-title-2519\" class=\"elementor-tab-title elementor-tab-desktop-title\" aria-selected=\"false\" data-tab=\"9\" role=\"tab\" tabindex=\"-1\" aria-controls=\"elementor-tab-content-2519\" aria-expanded=\"false\">Bez tra\u017eenih kompetencija<\/div>\n\t\t\t\t\t\t\t<\/div>\n\t\t\t<div class=\"elementor-tabs-content-wrapper\" role=\"tablist\" aria-orientation=\"vertical\">\n\t\t\t\t\t\t\t\t\t<div class=\"elementor-tab-title elementor-tab-mobile-title\" aria-selected=\"true\" data-tab=\"1\" role=\"tab\" tabindex=\"0\" aria-controls=\"elementor-tab-content-2511\" aria-expanded=\"false\">Alen \u0160uvak<\/div>\n\t\t\t\t\t<div id=\"elementor-tab-content-2511\" class=\"elementor-tab-content elementor-clearfix\" data-tab=\"1\" role=\"tabpanel\" aria-labelledby=\"elementor-tab-title-2511\" tabindex=\"0\" hidden=\"false\"><p><a href=\"https:\/\/spidergrupa.hr\/wp-content\/uploads\/2024\/06\/Zivotopis.docx\">\u017divotopis<\/a><\/p><p><a href=\"https:\/\/spidergrupa.hr\/wp-content\/uploads\/2024\/06\/Diploma.pdf\">Diploma<\/a><\/p><p><a href=\"https:\/\/spidergrupa.hr\/wp-content\/uploads\/2024\/06\/Elektronicki_zapis-8.pdf\">Elektronicki_zapis (8)<\/a> <a href=\"https:\/\/spidergrupa.hr\/wp-content\/uploads\/2024\/06\/Potvrda-A2-engleski.pdf\">Potvrda A2 engleski<\/a> <a href=\"https:\/\/spidergrupa.hr\/wp-content\/uploads\/2024\/06\/Potvrda-o-vrsti-poslova_Alen-Suvak.pdf\">Potvrda o vrsti poslova_Alen \u0160uvak<\/a> <a href=\"https:\/\/spidergrupa.hr\/wp-content\/uploads\/2024\/06\/Preporuka-Viro.pdf\">Preporuka Viro<\/a> <a href=\"https:\/\/spidergrupa.hr\/wp-content\/uploads\/2024\/06\/Prijava-JAN-SPIDER.docx\">Prijava JAN &#8211; SPIDER<\/a> <a href=\"https:\/\/spidergrupa.hr\/wp-content\/uploads\/2024\/06\/Uvjerenje-kazneni-postupak.pdf\">Uvjerenje-kazneni postupak<\/a><\/p><p>\u00a0<\/p><table width=\"1469\"><tbody><tr><td width=\"168\"><strong>Name<\/strong><\/td><td width=\"272\"><strong>Adresa Prebivali\u0161ta<\/strong><\/td><td width=\"34\"><strong>Spol<\/strong><\/td><td width=\"102\"><strong>Datum ro\u0111enja\u00a0<\/strong><\/td><td width=\"106\"><strong>Stru\u010dna sprema\u00a0<\/strong><\/td><td width=\"266\"><strong>Smjer obrazovanja\u00a0<\/strong><\/td><td width=\"198\"><strong>Prethodno radno iskustvo\u00a0<\/strong><\/td><td width=\"214\"><strong>Znanje stranog jezika<\/strong><\/td><td width=\"109\"><strong>Voza\u010dka dozvola<\/strong><\/td><\/tr><tr><td>Alen \u0160uvak\u00a0<\/td><td>Nikole Tricka 24, 33000 Virovitica\u00a0<\/td><td>M<\/td><td>1974<\/td><td>VSS bacc.oec.<\/td><td>Informati\u010dki Menad\u017ement VSMTI<\/td><td>razni poslovi (viro, Hr Vode, ..)<\/td><td>&#8220;srednje&#8221; &#8211; sam naveo<\/td><td>DA<\/td><\/tr><\/tbody><\/table><\/div>\n\t\t\t\t\t\t\t\t\t<div class=\"elementor-tab-title elementor-tab-mobile-title\" aria-selected=\"false\" data-tab=\"2\" role=\"tab\" tabindex=\"-1\" aria-controls=\"elementor-tab-content-2512\" aria-expanded=\"false\">Filip Pokupi\u0107<\/div>\n\t\t\t\t\t<div id=\"elementor-tab-content-2512\" class=\"elementor-tab-content elementor-clearfix\" data-tab=\"2\" role=\"tabpanel\" aria-labelledby=\"elementor-tab-title-2512\" tabindex=\"0\" hidden=\"hidden\"><p><a href=\"https:\/\/spidergrupa.hr\/wp-content\/uploads\/2024\/06\/Zivotopis-1.docx\">\u017divotopis (1)<\/a><\/p><table width=\"1469\"><tbody><tr><td width=\"168\"><strong>Name<\/strong><\/td><td width=\"272\"><strong>Adresa Prebivali\u0161ta<\/strong><\/td><td width=\"34\"><strong>Spol<\/strong><\/td><td width=\"102\"><strong>Datum ro\u0111enja\u00a0<\/strong><\/td><td width=\"106\"><strong>Stru\u010dna sprema\u00a0<\/strong><\/td><td width=\"266\"><strong>Smjer obrazovanja\u00a0<\/strong><\/td><td width=\"198\"><strong>Prethodno radno iskustvo\u00a0<\/strong><\/td><td width=\"214\"><strong>Znanje stranog jezika<\/strong><\/td><td width=\"109\"><strong>Voza\u010dka dozvola<\/strong><\/td><\/tr><tr><td>Filip Pokupi\u0107<\/td><td width=\"272\">Peja\u010devi\u0107eva 52 33 000 Virovitica<\/td><td>M<\/td><td>02.03.1991.<\/td><td>VSS bacc.oec.<\/td><td>Informati\u010dki Menad\u017ement VSMTI<\/td><td>manje zahtjevni poslovi<\/td><td>poha\u0111ao te\u010daj EN<\/td><td>nije naveo<\/td><\/tr><\/tbody><\/table><\/div>\n\t\t\t\t\t\t\t\t\t<div class=\"elementor-tab-title elementor-tab-mobile-title\" aria-selected=\"false\" data-tab=\"3\" role=\"tab\" tabindex=\"-1\" aria-controls=\"elementor-tab-content-2513\" aria-expanded=\"false\">Marko Rakija\u0161i\u0107<\/div>\n\t\t\t\t\t<div id=\"elementor-tab-content-2513\" class=\"elementor-tab-content elementor-clearfix\" data-tab=\"3\" role=\"tabpanel\" aria-labelledby=\"elementor-tab-title-2513\" tabindex=\"0\" hidden=\"hidden\"><p><a href=\"https:\/\/spidergrupa.hr\/wp-content\/uploads\/2024\/06\/Zivotopis-Marko-Rakijasic-referent-nabave.docx\">\u017divotopis, Marko Rakija\u0161i\u0107 &#8211; referent nabave<\/a><\/p><table width=\"1469\"><tbody><tr><td width=\"168\"><strong>Name<\/strong><\/td><td width=\"272\"><strong>Adresa Prebivali\u0161ta<\/strong><\/td><td width=\"34\"><strong>Spol<\/strong><\/td><td width=\"102\"><strong>Datum ro\u0111enja\u00a0<\/strong><\/td><td width=\"106\"><strong>Stru\u010dna sprema\u00a0<\/strong><\/td><td width=\"266\"><strong>Smjer obrazovanja\u00a0<\/strong><\/td><td width=\"198\"><strong>Prethodno radno iskustvo\u00a0<\/strong><\/td><td width=\"214\"><strong>Znanje stranog jezika<\/strong><\/td><td width=\"109\"><strong>Voza\u010dka dozvola<\/strong><\/td><\/tr><tr><td>Marko Rakija\u0161i\u0107<\/td><td>Vinogradska 84 33405 Pitoma\u010da<\/td><td>M<\/td><td>9.3.2001<\/td><td>VSS bacc.oec.<\/td><td>Informati\u010dki Menad\u017ement VSMTI<\/td><td>manje zahtjevni poslovi<\/td><td>posjeduje te\u010dno znanje<\/td><td>DA<\/td><\/tr><\/tbody><\/table><\/div>\n\t\t\t\t\t\t\t\t\t<div class=\"elementor-tab-title elementor-tab-mobile-title\" aria-selected=\"false\" data-tab=\"4\" role=\"tab\" tabindex=\"-1\" aria-controls=\"elementor-tab-content-2514\" aria-expanded=\"false\">Matija Gudi\u0107<\/div>\n\t\t\t\t\t<div id=\"elementor-tab-content-2514\" class=\"elementor-tab-content elementor-clearfix\" data-tab=\"4\" role=\"tabpanel\" aria-labelledby=\"elementor-tab-title-2514\" tabindex=\"0\" hidden=\"hidden\"><p><a href=\"https:\/\/spidergrupa.hr\/wp-content\/uploads\/2024\/06\/Cv-Matija-Gudic.pdf\">Cv -Matija Gudi\u0107<\/a><\/p><table width=\"1469\"><tbody><tr><td width=\"168\"><strong>Name<\/strong><\/td><td width=\"272\"><strong>Adresa Prebivali\u0161ta<\/strong><\/td><td width=\"34\"><strong>Spol<\/strong><\/td><td width=\"102\"><strong>Datum ro\u0111enja\u00a0<\/strong><\/td><td width=\"106\"><strong>Stru\u010dna sprema\u00a0<\/strong><\/td><td width=\"266\"><strong>Smjer obrazovanja\u00a0<\/strong><\/td><td width=\"198\"><strong>Prethodno radno iskustvo\u00a0<\/strong><\/td><td width=\"214\"><strong>Znanje stranog jezika<\/strong><\/td><td width=\"109\"><strong>Voza\u010dka dozvola<\/strong><\/td><\/tr><tr><td>Matija Gudi\u0107<\/td><td>Stari Bre\u017eanec 13, 48000, Koprivnica<\/td><td>M<\/td><td>17.12.1998<\/td><td>mag.men.polj.<\/td><td>Visoko gospodarsko u\u010dili\u0161te u Kri\u017eevcima<\/td><td>Prodava\u010d u poljoapoteci<\/td><td>C1 sam naveo\u00a0<\/td><td>DA<\/td><\/tr><\/tbody><\/table><\/div>\n\t\t\t\t\t\t\t\t\t<div class=\"elementor-tab-title elementor-tab-mobile-title\" aria-selected=\"false\" data-tab=\"5\" role=\"tab\" tabindex=\"-1\" aria-controls=\"elementor-tab-content-2515\" aria-expanded=\"false\">Petar Bari\u0161i\u0107<\/div>\n\t\t\t\t\t<div id=\"elementor-tab-content-2515\" class=\"elementor-tab-content elementor-clearfix\" data-tab=\"5\" role=\"tabpanel\" aria-labelledby=\"elementor-tab-title-2515\" tabindex=\"0\" hidden=\"hidden\"><p><a href=\"https:\/\/spidergrupa.hr\/wp-content\/uploads\/2024\/06\/Zivotopis.pdf\">\u017divotopis<\/a><\/p><table width=\"1469\"><tbody><tr><td width=\"168\"><strong>Name<\/strong><\/td><td width=\"272\"><strong>Adresa Prebivali\u0161ta<\/strong><\/td><td width=\"34\"><strong>Spol<\/strong><\/td><td width=\"102\"><strong>Datum ro\u0111enja\u00a0<\/strong><\/td><td width=\"106\"><strong>Stru\u010dna sprema\u00a0<\/strong><\/td><td width=\"266\"><strong>Smjer obrazovanja\u00a0<\/strong><\/td><td width=\"198\"><strong>Prethodno radno iskustvo\u00a0<\/strong><\/td><td width=\"214\"><strong>Znanje stranog jezika<\/strong><\/td><td width=\"109\"><strong>Voza\u010dka dozvola<\/strong><\/td><\/tr><tr><td>Petar Bari\u0161i\u0107<\/td><td>33405 Pitoma\u010da,<\/td><td>M<\/td><td>12.12.1998<\/td><td>mag.oec<\/td><td>EFOS (Osijek ekonomski fakultet)<\/td><td>nije naveo radno iskutvo<\/td><td>C2 sam naveo<\/td><td>DA<\/td><\/tr><\/tbody><\/table><\/div>\n\t\t\t\t\t\t\t\t\t<div class=\"elementor-tab-title elementor-tab-mobile-title\" aria-selected=\"false\" data-tab=\"6\" role=\"tab\" tabindex=\"-1\" aria-controls=\"elementor-tab-content-2516\" aria-expanded=\"false\">Jelena Perokovi\u0107 (Huzijak)<\/div>\n\t\t\t\t\t<div id=\"elementor-tab-content-2516\" class=\"elementor-tab-content elementor-clearfix\" data-tab=\"6\" role=\"tabpanel\" aria-labelledby=\"elementor-tab-title-2516\" tabindex=\"0\" hidden=\"hidden\"><p><a href=\"https:\/\/spidergrupa.hr\/wp-content\/uploads\/2024\/06\/ZIVOTOPIS-1.pdf\">\u017dIVOTOPIS (1)<\/a><\/p><table width=\"1469\"><tbody><tr><td width=\"168\"><strong>Name<\/strong><\/td><td width=\"272\"><strong>Adresa Prebivali\u0161ta<\/strong><\/td><td width=\"34\"><strong>Spol<\/strong><\/td><td width=\"102\"><strong>Datum ro\u0111enja\u00a0<\/strong><\/td><td width=\"106\"><strong>Stru\u010dna sprema\u00a0<\/strong><\/td><td width=\"266\"><strong>Smjer obrazovanja\u00a0<\/strong><\/td><td width=\"198\"><strong>Prethodno radno iskustvo\u00a0<\/strong><\/td><td width=\"214\"><strong>Znanje stranog jezika<\/strong><\/td><td width=\"109\"><strong>Voza\u010dka dozvola<\/strong><\/td><\/tr><tr><td>Jelena Perokovi\u0107 (Huzjak)<\/td><td>Trg kralja Tomislava 2, 48000 Koprivnica<\/td><td>\u017d<\/td><td>1999<\/td><td>bacc.oec.<\/td><td>managenet u turiznu \u010cakovec<\/td><td>manje zahtjevni poslovi<\/td><td>Engleski, Njema\u010dki sama navela<\/td><td>DA<\/td><\/tr><\/tbody><\/table><\/div>\n\t\t\t\t\t\t\t\t\t<div class=\"elementor-tab-title elementor-tab-mobile-title\" aria-selected=\"false\" data-tab=\"7\" role=\"tab\" tabindex=\"-1\" aria-controls=\"elementor-tab-content-2517\" aria-expanded=\"false\">Marina Hr\u017eenjak<\/div>\n\t\t\t\t\t<div id=\"elementor-tab-content-2517\" class=\"elementor-tab-content elementor-clearfix\" data-tab=\"7\" role=\"tabpanel\" aria-labelledby=\"elementor-tab-title-2517\" tabindex=\"0\" hidden=\"hidden\"><p><a href=\"https:\/\/spidergrupa.hr\/wp-content\/uploads\/2024\/06\/Zivotopis-CV.docx\">\u017divotopis (CV)<\/a><\/p><table width=\"1469\"><tbody><tr><td width=\"168\"><strong>Name<\/strong><\/td><td width=\"272\"><strong>Adresa Prebivali\u0161ta<\/strong><\/td><td width=\"34\"><strong>Spol<\/strong><\/td><td width=\"102\"><strong>Datum ro\u0111enja\u00a0<\/strong><\/td><td width=\"106\"><strong>Stru\u010dna sprema\u00a0<\/strong><\/td><td width=\"266\"><strong>Smjer obrazovanja\u00a0<\/strong><\/td><td width=\"198\"><strong>Prethodno radno iskustvo\u00a0<\/strong><\/td><td width=\"214\"><strong>Znanje stranog jezika<\/strong><\/td><td width=\"109\"><strong>Voza\u010dka dozvola<\/strong><\/td><\/tr><tr><td>Marina Hr\u017eenjak<\/td><td>Zdenka Saboli\u0107a 65 \u017dlebina, 33411 Gradina<\/td><td>\u017d<\/td><td>2.9.1986<\/td><td>univ.bacc.oec<\/td><td>Poduzetni\u0161tvo EFOS (Osijek)<\/td><td>manje zahtjevni poslovi<\/td><td>Engleski vrlo dobro -sama navela<\/td><td>DA<\/td><\/tr><\/tbody><\/table><\/div>\n\t\t\t\t\t\t\t\t\t<div class=\"elementor-tab-title elementor-tab-mobile-title\" aria-selected=\"false\" data-tab=\"8\" role=\"tab\" tabindex=\"-1\" aria-controls=\"elementor-tab-content-2518\" aria-expanded=\"false\">Romana Doki\u0107 Jarnjak<\/div>\n\t\t\t\t\t<div id=\"elementor-tab-content-2518\" class=\"elementor-tab-content elementor-clearfix\" data-tab=\"8\" role=\"tabpanel\" aria-labelledby=\"elementor-tab-title-2518\" tabindex=\"0\" hidden=\"hidden\"><p><a href=\"https:\/\/spidergrupa.hr\/wp-content\/uploads\/2024\/06\/zamolba-RD-Jarnjak-Jan-Spider-Pitomaca.docx\">zamolba-RD Jarnjak &#8211; Jan-Spider Pitoma\u010da<\/a> <a href=\"https:\/\/spidergrupa.hr\/wp-content\/uploads\/2024\/06\/zivotopis-RD-Jarnjak.pdf\">\u017eivotopis &#8211; RD Jarnjak<\/a><\/p><table width=\"1469\"><tbody><tr><td width=\"168\"><strong>Name<\/strong><\/td><td width=\"272\"><strong>Adresa Prebivali\u0161ta<\/strong><\/td><td width=\"34\"><strong>Spol<\/strong><\/td><td width=\"102\"><strong>Datum ro\u0111enja\u00a0<\/strong><\/td><td width=\"106\"><strong>Stru\u010dna sprema\u00a0<\/strong><\/td><td width=\"266\"><strong>Smjer obrazovanja\u00a0<\/strong><\/td><td width=\"198\"><strong>Prethodno radno iskustvo\u00a0<\/strong><\/td><td width=\"214\"><strong>Znanje stranog jezika<\/strong><\/td><td width=\"109\"><strong>Voza\u010dka dozvola<\/strong><\/td><\/tr><tr><td width=\"168\">Romana Doki\u0107 Jarnjak<\/td><td width=\"272\">Kolodvorska 112A, Vukosavljevica, 33404 \u0160pi\u0161i\u0107 Bukovica\u00a0<\/td><td>\u017d<\/td><td>13.4.1989<\/td><td>VSS bacc.oec.<\/td><td>Informati\u010dki Menad\u017ement VSMTI<\/td><td>\u00a0<\/td><td>Engleski A2 sama navela<\/td><td>DA<\/td><\/tr><\/tbody><\/table><\/div>\n\t\t\t\t\t\t\t\t\t<div class=\"elementor-tab-title elementor-tab-mobile-title\" aria-selected=\"false\" data-tab=\"9\" role=\"tab\" tabindex=\"-1\" aria-controls=\"elementor-tab-content-2519\" aria-expanded=\"false\">Bez tra\u017eenih kompetencija<\/div>\n\t\t\t\t\t<div id=\"elementor-tab-content-2519\" class=\"elementor-tab-content elementor-clearfix\" data-tab=\"9\" role=\"tabpanel\" aria-labelledby=\"elementor-tab-title-2519\" tabindex=\"0\" hidden=\"hidden\"><p><a href=\"https:\/\/spidergrupa.hr\/wp-content\/uploads\/2024\/06\/zivotopis.doc\">Ivan\u010dica Pavlovi\u0107 <\/a><\/p><p><a href=\"https:\/\/spidergrupa.hr\/wp-content\/uploads\/2024\/06\/zivotopis.doc\">\u017eivotopis<\/a><\/p><p><a href=\"https:\/\/spidergrupa.hr\/wp-content\/uploads\/2024\/06\/Zivotopis-1.pdf\">Mateja Debeljak \u017divotopis<\/a><\/p><table width=\"1469\"><tbody><tr><td width=\"168\"><strong>Name<\/strong><\/td><td width=\"272\"><strong>Adresa Prebivali\u0161ta<\/strong><\/td><td width=\"34\"><strong>Spol<\/strong><\/td><td width=\"102\"><strong>Datum ro\u0111enja\u00a0<\/strong><\/td><td width=\"106\"><strong>Stru\u010dna sprema\u00a0<\/strong><\/td><td width=\"266\"><strong>Smjer obrazovanja\u00a0<\/strong><\/td><td width=\"198\"><strong>Prethodno radno iskustvo\u00a0<\/strong><\/td><td width=\"214\"><strong>Znanje stranog jezika<\/strong><\/td><td width=\"109\"><strong>Voza\u010dka dozvola<\/strong><\/td><\/tr><tr><td>Ivan\u010dica Pavlovi\u0107<\/td><td>Dragutina Domjani\u0107a 22, 33405 Pitoma\u010da<\/td><td>\u017d<\/td><td>\u00a0<\/td><td>SSS<\/td><td>Upravni refernet<\/td><td>\u00a0<\/td><td>\u00a0<\/td><td>\u00a0<\/td><\/tr><tr><td>Mateja Debeljak<\/td><td>Dravska Ulica 115, 48356, Ferdinandovac<\/td><td>\u017d<\/td><td>\u00a0<\/td><td>SSS<\/td><td>TEHNI\u010cAR CESTOVNOG PROMETA Pu\u010dko<\/td><td>\u00a0<\/td><td>\u00a0<\/td><td>\u00a0<\/td><\/tr><\/tbody><\/table><\/div>\n\t\t\t\t\t\t\t<\/div>\n\t\t<\/div>\n\t\t\t\t\t\t<\/div>\n\t\t\t\t<\/div>\n\t\t\t\t\t<\/div>\n\t\t<\/div>\n\t\t\t\t\t<\/div>\n\t\t<\/section>\n\t\t\t\t<\/div>","protected":false},"excerpt":{"rendered":"<p>Popis kandidata se nalazi dolje ni\u017ee u karticama sa Imenima i Prezimenima Ukupno je prijavljeno 8 kandidata, od kojih 2 kandidata nemaju formalne kompetencije koje su tra\u017eene za ovo radno mjesto Kandidati su ispunili obrasce koji se standardno koriste u postupku selekcije Spider grupa d.o.o. (osim Petar Bari\u0161i\u0107), obrada profila je uobi\u010dajena prije selekcijskog razgovora [&hellip;]<\/p>","protected":false},"author":3,"featured_media":0,"parent":0,"menu_order":0,"comment_status":"closed","ping_status":"closed","template":"","meta":{"site-sidebar-layout":"no-sidebar","site-content-layout":"page-builder","ast-site-content-layout":"full-width-container","site-content-style":"default","site-sidebar-style":"default","ast-global-header-display":"","ast-banner-title-visibility":"","ast-main-header-display":"","ast-hfb-above-header-display":"","ast-hfb-below-header-display":"","ast-hfb-mobile-header-display":"","site-post-title":"disabled","ast-breadcrumbs-content":"","ast-featured-img":"disabled","footer-sml-layout":"","theme-transparent-header-meta":"","adv-header-id-meta":"","stick-header-meta":"","header-above-stick-meta":"","header-main-stick-meta":"","header-below-stick-meta":"","astra-migrate-meta-layouts":"set","ast-page-background-enabled":"default","ast-page-background-meta":{"desktop":{"background-color":"","background-image":"","background-repeat":"repeat","background-position":"center center","background-size":"auto","background-attachment":"scroll","background-type":"","background-media":"","overlay-type":"","overlay-color":"","overlay-opacity":"","overlay-gradient":""},"tablet":{"background-color":"","background-image":"","background-repeat":"repeat","background-position":"center center","background-size":"auto","background-attachment":"scroll","background-type":"","background-media":"","overlay-type":"","overlay-color":"","overlay-opacity":"","overlay-gradient":""},"mobile":{"background-color":"","background-image":"","background-repeat":"repeat","background-position":"center center","background-size":"auto","background-attachment":"scroll","background-type":"","background-media":"","overlay-type":"","overlay-color":"","overlay-opacity":"","overlay-gradient":""}},"ast-content-background-meta":{"desktop":{"background-color":"var(--ast-global-color-5)","background-image":"","background-repeat":"repeat","background-position":"center center","background-size":"auto","background-attachment":"scroll","background-type":"","background-media":"","overlay-type":"","overlay-color":"","overlay-opacity":"","overlay-gradient":""},"tablet":{"background-color":"var(--ast-global-color-5)","background-image":"","background-repeat":"repeat","background-position":"center center","background-size":"auto","background-attachment":"scroll","background-type":"","background-media":"","overlay-type":"","overlay-color":"","overlay-opacity":"","overlay-gradient":""},"mobile":{"background-color":"var(--ast-global-color-5)","background-image":"","background-repeat":"repeat","background-position":"center center","background-size":"auto","background-attachment":"scroll","background-type":"","background-media":"","overlay-type":"","overlay-color":"","overlay-opacity":"","overlay-gradient":""}},"footnotes":""},"class_list":["post-2325","page","type-page","status-publish","hentry"],"_links":{"self":[{"href":"https:\/\/spidergrupa.hr\/en\/wp-json\/wp\/v2\/pages\/2325","targetHints":{"allow":["GET"]}}],"collection":[{"href":"https:\/\/spidergrupa.hr\/en\/wp-json\/wp\/v2\/pages"}],"about":[{"href":"https:\/\/spidergrupa.hr\/en\/wp-json\/wp\/v2\/types\/page"}],"author":[{"embeddable":true,"href":"https:\/\/spidergrupa.hr\/en\/wp-json\/wp\/v2\/users\/3"}],"replies":[{"embeddable":true,"href":"https:\/\/spidergrupa.hr\/en\/wp-json\/wp\/v2\/comments?post=2325"}],"version-history":[{"count":4,"href":"https:\/\/spidergrupa.hr\/en\/wp-json\/wp\/v2\/pages\/2325\/revisions"}],"predecessor-version":[{"id":2347,"href":"https:\/\/spidergrupa.hr\/en\/wp-json\/wp\/v2\/pages\/2325\/revisions\/2347"}],"wp:attachment":[{"href":"https:\/\/spidergrupa.hr\/en\/wp-json\/wp\/v2\/media?parent=2325"}],"curies":[{"name":"wp","href":"https:\/\/api.w.org\/{rel}","templated":true}]}}