{"id":2369,"date":"2025-12-05T10:06:11","date_gmt":"2025-12-05T09:06:11","guid":{"rendered":"https:\/\/spidergrupa.hr\/?page_id=2369"},"modified":"2025-12-15T11:52:53","modified_gmt":"2025-12-15T10:52:53","slug":"otvorena-prijava-za-posao","status":"publish","type":"page","link":"https:\/\/spidergrupa.hr\/en\/otvorena-prijava-za-posao\/","title":{"rendered":"Otvorena prijava za posao"},"content":{"rendered":"<div data-elementor-type=\"wp-page\" data-elementor-id=\"2369\" class=\"elementor elementor-2369\">\n\t\t\t\t\t\t<section class=\"elementor-section elementor-top-section elementor-element elementor-element-5808021f elementor-section-boxed elementor-section-height-default elementor-section-height-default\" data-id=\"5808021f\" data-element_type=\"section\">\n\t\t\t\t\t\t<div class=\"elementor-container elementor-column-gap-default\">\n\t\t\t\t\t<div class=\"elementor-column elementor-col-100 elementor-top-column elementor-element elementor-element-44a13fe5\" data-id=\"44a13fe5\" data-element_type=\"column\">\n\t\t\t<div class=\"elementor-widget-wrap elementor-element-populated\">\n\t\t\t\t\t\t<div class=\"elementor-element elementor-element-306a2c1 elementor-widget elementor-widget-spacer\" data-id=\"306a2c1\" data-element_type=\"widget\" data-widget_type=\"spacer.default\">\n\t\t\t\t<div class=\"elementor-widget-container\">\n\t\t\t\t\t\t\t<div class=\"elementor-spacer\">\n\t\t\t<div class=\"elementor-spacer-inner\"><\/div>\n\t\t<\/div>\n\t\t\t\t\t\t<\/div>\n\t\t\t\t<\/div>\n\t\t\t\t<div class=\"elementor-element elementor-element-db3264d elementor-widget elementor-widget-html\" data-id=\"db3264d\" data-element_type=\"widget\" data-widget_type=\"html.default\">\n\t\t\t\t<div class=\"elementor-widget-container\">\n\t\t\t\t\t\n<div class=\"wpcf7 no-js\" id=\"wpcf7-f2374-o1\" lang=\"hr\" dir=\"ltr\" data-wpcf7-id=\"2374\">\n<div class=\"screen-reader-response\"><p role=\"status\" aria-live=\"polite\" aria-atomic=\"true\"><\/p> <ul><\/ul><\/div>\n<form action=\"\/en\/wp-json\/wp\/v2\/pages\/2369#wpcf7-f2374-o1\" method=\"post\" class=\"wpcf7-form init wpcf7-acceptance-as-validation\" aria-label=\"Kontakt obrazac\" novalidate=\"novalidate\" data-status=\"init\" data-trp-original-action=\"\/en\/wp-json\/wp\/v2\/pages\/2369#wpcf7-f2374-o1\">\n<fieldset class=\"hidden-fields-container\"><input type=\"hidden\" name=\"_wpcf7\" value=\"2374\" \/><input type=\"hidden\" name=\"_wpcf7_version\" value=\"6.1.4\" \/><input type=\"hidden\" name=\"_wpcf7_locale\" value=\"hr\" \/><input type=\"hidden\" name=\"_wpcf7_unit_tag\" value=\"wpcf7-f2374-o1\" \/><input type=\"hidden\" name=\"_wpcf7_container_post\" value=\"0\" \/><input type=\"hidden\" name=\"_wpcf7_posted_data_hash\" value=\"\" \/><input type=\"hidden\" name=\"_wpcf7_recaptcha_response\" value=\"\" \/>\n<\/fieldset>\n<p><label> \u017deljeni posao*<br \/>\n<span class=\"wpcf7-form-control-wrap\" data-name=\"zeljeni_posao\"><select class=\"wpcf7-form-control wpcf7-select wpcf7-validates-as-required\" aria-required=\"true\" aria-invalid=\"false\" name=\"zeljeni_posao\"><option value=\"\">&#8212;Molimo odaberite jednu opciju&#8212;<\/option><option value=\"Sezonski posao u poljoprivredi\">Sezonski posao u poljoprivredi<\/option><option value=\"Rad u pogonu prerade (Radnik\/ca u preradi)\">Rad u pogonu prerade (Radnik\/ca u preradi)<\/option><option value=\"Rad u skladi\u0161tu\">Rad u skladi\u0161tu<\/option><option value=\"Odr\u017eavanje strojeva i objekata (majstor za odr\u017eavanje)\">Odr\u017eavanje strojeva i objekata (majstor za odr\u017eavanje)<\/option><option value=\"\u010ci\u0161\u0107enje ureda i prostorija\">\u010ci\u0161\u0107enje ureda i prostorija<\/option><option value=\"Voza\u010d: B C i CE kategorija\">Voza\u010d: B C i CE kategorija<\/option><option value=\"Administrativni i pravni poslovi\">Administrativni i pravni poslovi<\/option><option value=\"Marketing\">Marketing<\/option><option value=\"Prodaja\">Sales department<\/option><option value=\"Nabava\">Purchasing department<\/option><option value=\"Logistika, isporuke, carinjenje\">Logistika, isporuke, carinjenje<\/option><option value=\"Kvaliteta i rad u laboratoriju\">Kvaliteta i rad u laboratoriju<\/option><option value=\"Financije\/ra\u010dunovodstvo\">Financije\/ra\u010dunovodstvo<\/option><option value=\"Kontroling\">Kontroling<\/option><option value=\"Informatika i upravljanje IT sustavima\">Informatika i upravljanje IT sustavima<\/option><option value=\"Ljudski resursi\">Ljudski resursi<\/option><\/select><\/span><br \/>\n<\/label>\n<\/p>\n<p><label> \u017deljena kompanija*<br \/>\n<span class=\"wpcf7-form-control-wrap\" data-name=\"zeljena_kompanija\"><select class=\"wpcf7-form-control wpcf7-select wpcf7-validates-as-required\" aria-required=\"true\" aria-invalid=\"false\" name=\"zeljena_kompanija\"><option value=\"\">&#8212;Molimo odaberite jednu opciju&#8212;<\/option><option value=\"Spider grupa d.o.o. - Pitoma\u010da\">Spider grupa d.o.o. - Pitoma\u010da<\/option><option value=\"Jan-spider d.o.o. - Pitoma\u010da - Prerada ljekovitog i aromati\u010dnog bilja\">Jan-spider d.o.o. - Pitoma\u010da - Prerada ljekovitog i aromati\u010dnog bilja<\/option><option value=\"Biofarma d.o.o. - Lozan - Uzgoj ljekovitog i aromati\u010dnog bilja\">Biofarma d.o.o. - Lozan - Uzgoj ljekovitog i aromati\u010dnog bilja<\/option><option value=\"\u0110olta d.o.o. - Lozan - Kooperativni uzgoj ljekovitog i aromati\u010dnog bilja\">\u0110olta d.o.o. - Lozan - Kooperativni uzgoj ljekovitog i aromati\u010dnog bilja<\/option><\/select><\/span><br \/>\n<\/label>\n<\/p>\n<p><label> Prethodno radno iskustvo*<br \/>\n<span class=\"wpcf7-form-control-wrap\" data-name=\"radno_iskustvo\"><select class=\"wpcf7-form-control wpcf7-select wpcf7-validates-as-required\" aria-required=\"true\" aria-invalid=\"false\" name=\"radno_iskustvo\"><option value=\"\">&#8212;Molimo odaberite jednu opciju&#8212;<\/option><option value=\"manje od 1 godine radnog iskustva\">manje od 1 godine radnog iskustva<\/option><option value=\"1-2 godine radnog iskustva\">1-2 godine radnog iskustva<\/option><option value=\"3-5 godina radnog iskustva\">3-5 godina radnog iskustva<\/option><option value=\"5-10 godina radnog iskustva\">5-10 godina radnog iskustva<\/option><option value=\"vi\u0161e od 10 godina radnog iskstva\">vi\u0161e od 10 godina radnog iskstva<\/option><\/select><\/span><br \/>\n<\/label>\n<\/p>\n<p><label> Ime*<br \/>\n<span class=\"wpcf7-form-control-wrap\" data-name=\"ime\"><input size=\"40\" maxlength=\"400\" class=\"wpcf7-form-control wpcf7-text wpcf7-validates-as-required\" aria-required=\"true\" aria-invalid=\"false\" placeholder=\"Upi\u0161ite ime\" value=\"\" type=\"text\" name=\"ime\" \/><\/span><br \/>\n<\/label>\n<\/p>\n<p><label> Prezime*<br \/>\n<span class=\"wpcf7-form-control-wrap\" data-name=\"prezime\"><input size=\"40\" maxlength=\"400\" class=\"wpcf7-form-control wpcf7-text wpcf7-validates-as-required\" aria-required=\"true\" aria-invalid=\"false\" placeholder=\"Upi\u0161ite prezime\" value=\"\" type=\"text\" name=\"prezime\" \/><\/span><br \/>\n<\/label>\n<\/p>\n<p><label> Kontakt email*<br \/>\n<span class=\"wpcf7-form-control-wrap\" data-name=\"email\"><input size=\"40\" maxlength=\"400\" class=\"wpcf7-form-control wpcf7-email wpcf7-validates-as-required wpcf7-text wpcf7-validates-as-email\" aria-required=\"true\" aria-invalid=\"false\" placeholder=\"primjer@domena.hr\" value=\"\" type=\"email\" name=\"email\" \/><\/span><br \/>\n<\/label>\n<\/p>\n<p><label> \u017dupanija prebivali\u0161ta*<br \/>\n<span class=\"wpcf7-form-control-wrap\" data-name=\"zupanija\"><select class=\"wpcf7-form-control wpcf7-select wpcf7-validates-as-required\" aria-required=\"true\" aria-invalid=\"false\" name=\"zupanija\"><option value=\"\">&#8212;Molimo odaberite jednu opciju&#8212;<\/option><option value=\"Bjelovarsko-bilogorska\">Bjelovarsko-bilogorska<\/option><option value=\"Brodsko-posavska\">Brodsko-posavska<\/option><option value=\"Dubrova\u010dko-neretvanska\">Dubrova\u010dko-neretvanska<\/option><option value=\"Istarska\">Istarska<\/option><option value=\"Karlova\u010dka\">Karlova\u010dka<\/option><option value=\"Koprivni\u010dko-kri\u017eeva\u010dka\">Koprivni\u010dko-kri\u017eeva\u010dka<\/option><option value=\"Krapinsko-zagorska\">Krapinsko-zagorska<\/option><option value=\"Li\u010dko-senjska\">Li\u010dko-senjska<\/option><option value=\"Me\u0111imurska\">Me\u0111imurska<\/option><option value=\"Osje\u010dko-baranjska\">Osje\u010dko-baranjska<\/option><option value=\"Po\u017ee\u0161ko-slavonska\">Po\u017ee\u0161ko-slavonska<\/option><option value=\"Primorsko-goranska\">Primorsko-goranska<\/option><option value=\"Sisa\u010dko-moslava\u010dka\">Sisa\u010dko-moslava\u010dka<\/option><option value=\"Splitsko-dalmatinska\">Splitsko-dalmatinska<\/option><option value=\"\u0160ibensko-kninska\">\u0160ibensko-kninska<\/option><option value=\"Vara\u017edinska\">Vara\u017edinska<\/option><option value=\"Viroviti\u010dko-podravska\">Viroviti\u010dko-podravska<\/option><option value=\"Vukovarsko-srijemska\">Vukovarsko-srijemska<\/option><option value=\"Zadarska\">Zadarska<\/option><option value=\"Zagreba\u010dka\">Zagreba\u010dka<\/option><option value=\"Grad Zagreb\">Grad Zagreb<\/option><\/select><\/span><br \/>\n<\/label>\n<\/p>\n<p><label> Mjesto\/grad prebivali\u0161ta*<br \/>\n<span class=\"wpcf7-form-control-wrap\" data-name=\"mjesto\"><input size=\"40\" maxlength=\"400\" class=\"wpcf7-form-control wpcf7-text wpcf7-validates-as-required\" aria-required=\"true\" aria-invalid=\"false\" placeholder=\"Upi\u0161ite mjesto\/grad\" value=\"\" type=\"text\" name=\"mjesto\" \/><\/span><br \/>\n<\/label>\n<\/p>\n<p><label> Datum ro\u0111enja*<br \/>\n<span class=\"wpcf7-form-control-wrap\" data-name=\"datum-rodenja\"><input class=\"wpcf7-form-control wpcf7-date wpcf7-validates-as-required wpcf7-validates-as-date\" aria-required=\"true\" aria-invalid=\"false\" value=\"\" type=\"date\" name=\"datum-rodenja\" \/><\/span><br \/>\n<\/label>\n<\/p>\n<p><label> Razina stupnja obrazovanja*<br \/>\n<span class=\"wpcf7-form-control-wrap\" data-name=\"razina_obrazovanja\"><select class=\"wpcf7-form-control wpcf7-select wpcf7-validates-as-required\" id=\"razina-obrazovanja\" aria-required=\"true\" aria-invalid=\"false\" name=\"razina_obrazovanja\"><option value=\"\">&#8212;Molimo odaberite jednu opciju&#8212;<\/option><option value=\"Bez akademskog stupnja = NKV\">Bez akademskog stupnja = NKV<\/option><option value=\"Zavr\u0161ena osnovna \u0161kola = NKV\">Zavr\u0161ena osnovna \u0161kola = NKV<\/option><option value=\"Zavr\u0161ena srednja \u0161kola = SSS \/ S\u0160S (4.stupanj)\">Zavr\u0161ena srednja \u0161kola = SSS \/ S\u0160S (4.stupanj)<\/option><option value=\"Strukovno obrazovanje = KV (5.stupanj) \/ VK (6.stupanj)\">Strukovno obrazovanje = KV (5.stupanj) \/ VK (6.stupanj)<\/option><option value=\"Vi\u0161a stru\u010dna sprema = VS\u0160\">Vi\u0161a stru\u010dna sprema = VS\u0160<\/option><option value=\"Stru\u010dni studij = pristup.\">Stru\u010dni studij = pristup.<\/option><option value=\"Preddiplomski stru\u010dni studij = bacc.\">Preddiplomski stru\u010dni studij = bacc.<\/option><option value=\"Specijalisti\u010dki diplomski stru\u010dni studij = stru\u010d. spec\">Specijalisti\u010dki diplomski stru\u010dni studij = stru\u010d. spec<\/option><option value=\"Diplomski studij = dipl. (VSS 7.stupanj)\">Diplomski studij = dipl. (VSS 7.stupanj)<\/option><\/select><\/span><br \/>\n<\/label>\n<\/p>\n<div id=\"podrucje-zanimanja-wrap\" style=\"display:none;\">\n\t<p><label> Podru\u010dje zanimanja<br \/>\n<span class=\"wpcf7-form-control-wrap\" data-name=\"podrucje_zanimanja\"><select class=\"wpcf7-form-control wpcf7-select\" aria-invalid=\"false\" name=\"podrucje_zanimanja\"><option value=\"\">&#8212;Molimo odaberite jednu opciju&#8212;<\/option><option value=\"Elektroenergetika\">Elektroenergetika<\/option><option value=\"Elektronika\">Elektronika<\/option><option value=\"Elektrotehnika\">Elektrotehnika<\/option><option value=\"Strojarstvo\">Strojarstvo<\/option><option value=\"Ra\u010dunarstvo\">Ra\u010dunarstvo<\/option><option value=\"Informacijske tehnologije\">Informacijske tehnologije<\/option><option value=\"Graditeljstvo\">Graditeljstvo<\/option><option value=\"Gra\u0111evinarstvo\">Gra\u0111evinarstvo<\/option><option value=\"Cestovni promet\">Cestovni promet<\/option><option value=\"Po\u0161tanski promet\">Po\u0161tanski promet<\/option><option value=\"\u017deljezni\u010dki promet\">\u017deljezni\u010dki promet<\/option><option value=\"Kemijska tehnologija\">Kemijska tehnologija<\/option><option value=\"Prehrambena tehnologija\">Prehrambena tehnologija<\/option><option value=\"Tekstilna odjevna i obu\u0107arska tehnologija\">Tekstilna odjevna i obu\u0107arska tehnologija<\/option><option value=\"O\u010dna optika\">O\u010dna optika<\/option><option value=\"Sestrinstvo\">Sestrinstvo<\/option><option value=\"Fizioterapija\">Fizioterapija<\/option><option value=\"Kineziologija\">Kineziologija<\/option><option value=\"Medicinsko laboratorijska dijagnostika\">Medicinsko laboratorijska dijagnostika<\/option><option value=\"Sanitarno in\u017eenjerstvo\">Sanitarno in\u017eenjerstvo<\/option><option value=\"Sigurnost i za\u0161tita\">Sigurnost i za\u0161tita<\/option><option value=\"Krizni menad\u017ement\">Krizni menad\u017ement<\/option><option value=\"Upravljanje logisti\u010dkim sustavima i procesima\">Upravljanje logisti\u010dkim sustavima i procesima<\/option><option value=\"Agrarno poduzetni\u0161tvo\">Agrarno poduzetni\u0161tvo<\/option><option value=\"Bilinogojstvo; smjerovi: Ratarstvo, Hortikultura\">Bilinogojstvo; smjerovi: Ratarstvo, Hortikultura<\/option><option value=\"Mehanizacija u poljoprivredi\">Mehanizacija u poljoprivredi<\/option><option value=\"Vinogradarstvo vinarstvo-vo\u0107arstvo\">Vinogradarstvo vinarstvo-vo\u0107arstvo<\/option><option value=\"Poljoprivreda\">Poljoprivreda<\/option><option value=\"Drvna tehnologija\">Drvna tehnologija<\/option><option value=\"Ekonomija; Ra\u010dunovodstvo i financije; Trgovinsko poslovanje; Revizija\">Ekonomija; Ra\u010dunovodstvo i financije; Trgovinsko poslovanje; Revizija<\/option><option value=\"Poslovna ekonomija\">Poslovna ekonomija<\/option><option value=\"Trgovina\">Trgovina<\/option><option value=\"Ra\u010dunovodstvo\">Ra\u010dunovodstvo<\/option><option value=\"Menad\u017ement\">Menad\u017ement<\/option><option value=\"Poduzetni\u0161tvo\">Poduzetni\u0161tvo<\/option><option value=\"Ekonomija poduzetni\u0161tva\">Ekonomija poduzetni\u0161tva<\/option><option value=\"Financijski menad\u017ement\">Financijski menad\u017ement<\/option><option value=\"Informati\u010dki menad\u017ement\">Informati\u010dki menad\u017ement<\/option><option value=\"Poslovno upravljanje\">Poslovno upravljanje<\/option><option value=\"Porezni studij\">Porezni studij<\/option><option value=\"Upravni studij\">Upravni studij<\/option><option value=\"Novinarstvo\">Novinarstvo<\/option><option value=\"Odnosi s javno\u0161\u0107u i studij medija\">Odnosi s javno\u0161\u0107u i studij medija<\/option><option value=\"Kriminalistika\">Kriminalistika<\/option><option value=\"Teologija\">Teologija<\/option><\/select><\/span><br \/>\n<\/label>\n\t<\/p>\n<\/div>\n<p>Voza\u010dka dozvola<br \/>\n<span class=\"wpcf7-form-control-wrap\" data-name=\"vozacka\"><span class=\"wpcf7-form-control wpcf7-radio\"><span class=\"wpcf7-list-item first\"><label><input type=\"radio\" name=\"vozacka\" value=\"Da\" \/><span class=\"wpcf7-list-item-label\">Da<\/span><\/label><\/span><span class=\"wpcf7-list-item last\"><label><input type=\"radio\" name=\"vozacka\" value=\"Ne\" \/><span class=\"wpcf7-list-item-label\">Ne<\/span><\/label><\/span><\/span><\/span>\n<\/p>\n<p><label> Dodatne kvalifikacije<br \/>\n<span class=\"wpcf7-form-control-wrap\" data-name=\"kvalifikacije\"><textarea cols=\"40\" rows=\"10\" maxlength=\"2000\" class=\"wpcf7-form-control wpcf7-textarea\" aria-invalid=\"false\" placeholder=\"Navedite dodatne kvalifikacije (nije obavezno)\" name=\"kvalifikacije\"><\/textarea><\/span><br \/>\n<\/label>\n<\/p>\n<p><span class=\"wpcf7-form-control-wrap\" data-name=\"acceptance\"><span class=\"wpcf7-form-control wpcf7-acceptance\"><span class=\"wpcf7-list-item\"><label><input type=\"checkbox\" name=\"acceptance\" value=\"1\" aria-invalid=\"false\" \/><span class=\"wpcf7-list-item-label\">Podno\u0161enjem ove prijave, odnosno slanjem otvorene molbe dajem suglasnost da ovla\u0161tena osoba u Spider grupa d.o.o. sa povezanim dru\u0161tvima Jan-Spider d.o.o., Biofarama d.o.o., \u0110olta d.o.o. (i kada se dalje zajedno spominju u tekstu: \"Spider grupa Pitoma\u010da\"), sukladno ovlastima koje ima u za\u0161titi osobnih podataka kod Spider grupa Pitoma\u010da, da obra\u0111uje moje osobne podatke navedene u prijavi i dostavljenim dokumentima, kao i sve podatke koje \u0107e Spider grupa Pitoma\u010da prikupiti za vrijeme trajanja eventualnog selekcijskog postupka. <br> Navedena suglasnost obuhva\u0107a obradu osobnih podataka u svrhu vo\u0111enja vlastitih evidencija, kori\u0161tenja i razmjena unutar Spider grupe Pitoma\u010da u svrhu provo\u0111enja postupka zapo\u0161ljavanja. Odgovoran\/na sam za istinitost, to\u010dnost, potpunost i a\u017eurnost danih podataka. <br><br>  Upoznat\/a sam s pravom da od Spider grupa Pitoma\u010da zatra\u017eim pristup svojim osobnim podacima, ispravak, brisanje ili ograni\u010davanje obrade osobnih podataka, ulaganje prigovora na obradu, podno\u0161enje prigovora nadzornom tijelu i na prenosivost podataka. <br> Upoznat sam s pravom da zahtjev za opozivom privole mogu poslati na e-mail adresu humanr@jan-spider.hr<\/span><\/label><\/span><\/span><\/span>\n<\/p>\n<p><input class=\"wpcf7-form-control wpcf7-submit has-spinner\" type=\"submit\" value=\"Send\" \/>\n<\/p><div class=\"wpcf7-response-output\" aria-hidden=\"true\"><\/div>\n<input type=\"hidden\" name=\"trp-form-language\" value=\"en\"\/><\/form>\n<\/div>\n\t\t\t\t<\/div>\n\t\t\t\t<\/div>\n\t\t\t\t<div class=\"elementor-element elementor-element-9f82083 elementor-widget elementor-widget-html\" data-id=\"9f82083\" data-element_type=\"widget\" data-widget_type=\"html.default\">\n\t\t\t\t<div class=\"elementor-widget-container\">\n\t\t\t\t\t<script>\ndocument.addEventListener('DOMContentLoaded', function() {\n    \n    var razina = document.querySelector('form.wpcf7-form select[name=\"razina_obrazovanja\"]');\n    var wrap = document.getElementById('podrucje-zanimanja-wrap');\n    \n    function togglePodrucje() {\n        if (razina.selectedIndex > 2) {\n            wrap.style.display = 'block';\n        } else {\n            wrap.style.display = 'none';\n        }\n    }\n     \n     razina.addEventListener('change', togglePodrucje);\n});\n<\/script>\n\n\t\t\t\t<\/div>\n\t\t\t\t<\/div>\n\t\t\t\t<div class=\"elementor-element elementor-element-56e2e0b elementor-widget elementor-widget-spacer\" data-id=\"56e2e0b\" data-element_type=\"widget\" data-widget_type=\"spacer.default\">\n\t\t\t\t<div class=\"elementor-widget-container\">\n\t\t\t\t\t\t\t<div class=\"elementor-spacer\">\n\t\t\t<div class=\"elementor-spacer-inner\"><\/div>\n\t\t<\/div>\n\t\t\t\t\t\t<\/div>\n\t\t\t\t<\/div>\n\t\t\t\t\t<\/div>\n\t\t<\/div>\n\t\t\t\t\t<\/div>\n\t\t<\/section>\n\t\t\t\t<\/div>","protected":false},"excerpt":{"rendered":"","protected":false},"author":3,"featured_media":0,"parent":0,"menu_order":0,"comment_status":"closed","ping_status":"closed","template":"","meta":{"site-sidebar-layout":"default","site-content-layout":"","ast-site-content-layout":"default","site-content-style":"default","site-sidebar-style":"default","ast-global-header-display":"","ast-banner-title-visibility":"","ast-main-header-display":"","ast-hfb-above-header-display":"","ast-hfb-below-header-display":"","ast-hfb-mobile-header-display":"","site-post-title":"","ast-breadcrumbs-content":"","ast-featured-img":"","footer-sml-layout":"","theme-transparent-header-meta":"","adv-header-id-meta":"","stick-header-meta":"","header-above-stick-meta":"","header-main-stick-meta":"","header-below-stick-meta":"","astra-migrate-meta-layouts":"set","ast-page-background-enabled":"default","ast-page-background-meta":{"desktop":{"background-color":"","background-image":"","background-repeat":"repeat","background-position":"center center","background-size":"auto","background-attachment":"scroll","background-type":"","background-media":"","overlay-type":"","overlay-color":"","overlay-opacity":"","overlay-gradient":""},"tablet":{"background-color":"","background-image":"","background-repeat":"repeat","background-position":"center center","background-size":"auto","background-attachment":"scroll","background-type":"","background-media":"","overlay-type":"","overlay-color":"","overlay-opacity":"","overlay-gradient":""},"mobile":{"background-color":"","background-image":"","background-repeat":"repeat","background-position":"center center","background-size":"auto","background-attachment":"scroll","background-type":"","background-media":"","overlay-type":"","overlay-color":"","overlay-opacity":"","overlay-gradient":""}},"ast-content-background-meta":{"desktop":{"background-color":"var(--ast-global-color-5)","background-image":"","background-repeat":"repeat","background-position":"center center","background-size":"auto","background-attachment":"scroll","background-type":"","background-media":"","overlay-type":"","overlay-color":"","overlay-opacity":"","overlay-gradient":""},"tablet":{"background-color":"var(--ast-global-color-5)","background-image":"","background-repeat":"repeat","background-position":"center center","background-size":"auto","background-attachment":"scroll","background-type":"","background-media":"","overlay-type":"","overlay-color":"","overlay-opacity":"","overlay-gradient":""},"mobile":{"background-color":"var(--ast-global-color-5)","background-image":"","background-repeat":"repeat","background-position":"center center","background-size":"auto","background-attachment":"scroll","background-type":"","background-media":"","overlay-type":"","overlay-color":"","overlay-opacity":"","overlay-gradient":""}},"footnotes":""},"class_list":["post-2369","page","type-page","status-publish","hentry"],"_links":{"self":[{"href":"https:\/\/spidergrupa.hr\/en\/wp-json\/wp\/v2\/pages\/2369","targetHints":{"allow":["GET"]}}],"collection":[{"href":"https:\/\/spidergrupa.hr\/en\/wp-json\/wp\/v2\/pages"}],"about":[{"href":"https:\/\/spidergrupa.hr\/en\/wp-json\/wp\/v2\/types\/page"}],"author":[{"embeddable":true,"href":"https:\/\/spidergrupa.hr\/en\/wp-json\/wp\/v2\/users\/3"}],"replies":[{"embeddable":true,"href":"https:\/\/spidergrupa.hr\/en\/wp-json\/wp\/v2\/comments?post=2369"}],"version-history":[{"count":53,"href":"https:\/\/spidergrupa.hr\/en\/wp-json\/wp\/v2\/pages\/2369\/revisions"}],"predecessor-version":[{"id":2427,"href":"https:\/\/spidergrupa.hr\/en\/wp-json\/wp\/v2\/pages\/2369\/revisions\/2427"}],"wp:attachment":[{"href":"https:\/\/spidergrupa.hr\/en\/wp-json\/wp\/v2\/media?parent=2369"}],"curies":[{"name":"wp","href":"https:\/\/api.w.org\/{rel}","templated":true}]}}