{"id":2455,"date":"2025-04-12T14:36:51","date_gmt":"2025-04-12T12:36:51","guid":{"rendered":"https:\/\/spidergrupa.hr\/?page_id=2455"},"modified":"2025-12-15T11:25:37","modified_gmt":"2025-12-15T10:25:37","slug":"obrazac","status":"publish","type":"page","link":"https:\/\/spidergrupa.hr\/en\/obrazac\/","title":{"rendered":"OBRAZAC PRIJAVE RADNIKA SPIDER GRUPA PITOMA\u010cA"},"content":{"rendered":"<div data-elementor-type=\"wp-page\" data-elementor-id=\"2455\" class=\"elementor elementor-2455\">\n\t\t\t\t\t\t<section class=\"elementor-section elementor-top-section elementor-element elementor-element-1e3e2e7 elementor-section-boxed elementor-section-height-default elementor-section-height-default\" data-id=\"1e3e2e7\" data-element_type=\"section\">\n\t\t\t\t\t\t<div class=\"elementor-container elementor-column-gap-default\">\n\t\t\t\t\t<div class=\"elementor-column elementor-col-100 elementor-top-column elementor-element elementor-element-c5d814a\" data-id=\"c5d814a\" data-element_type=\"column\">\n\t\t\t<div class=\"elementor-widget-wrap elementor-element-populated\">\n\t\t\t\t\t\t<div class=\"elementor-element elementor-element-4374594 elementor-widget elementor-widget-text-editor\" data-id=\"4374594\" data-element_type=\"widget\" data-widget_type=\"text-editor.default\">\n\t\t\t\t<div class=\"elementor-widget-container\">\n\t\t\t\t\t\t\t\t\t<p>Odabirom poveznice za ispunjavanje obrasca prijave radnika mo\u017eete uputiti Va\u0161e prijedloge, mi\u0161ljenja i pritu\u017ebe kao zaposlenik Spider grupe Pitoma\u010da, sa svim povezanim trgova\u010dkim dru\u0161tvima.\u00a0<\/p>\n<p>Obrazac prijave nije anoniman, potrebno je unijeti Va\u0161e podatke i prihvatiti odredbe privole za prikupljanje i obradu osobnih podataka, kako bi prijava bila osnovana.\u00a0<\/p>\n<p>Svi zaposlenici imaju mogu\u0107nosti ispuniti ANONIMNU prijavu i pismeno je predati u sandu\u010di\u0107 pored Oglasne plo\u010de poslodavca.\u00a0<\/p>\n<p>Za sve dodatne informacije, slobodno kontaktirajte ovla\u0161tenu osobu kod Poslodavca u trgova\u010dkim dru\u0161tvima Spider grupe Pitoma\u010da.\u00a0<\/p>\n<p>\u00a0<\/p>\n<p>Zvonimir Bartoli\u0107, Spider grupa d.o.o.\u00a0<\/p>\t\t\t\t\t\t\t\t<\/div>\n\t\t\t\t<\/div>\n\t\t\t\t\t<\/div>\n\t\t<\/div>\n\t\t\t\t\t<\/div>\n\t\t<\/section>\n\t\t\t\t<section class=\"elementor-section elementor-top-section elementor-element elementor-element-7505655 elementor-section-boxed elementor-section-height-default elementor-section-height-default\" data-id=\"7505655\" data-element_type=\"section\">\n\t\t\t\t\t\t<div class=\"elementor-container elementor-column-gap-default\">\n\t\t\t\t\t<div class=\"elementor-column elementor-col-100 elementor-top-column elementor-element elementor-element-ef75099\" data-id=\"ef75099\" data-element_type=\"column\">\n\t\t\t<div class=\"elementor-widget-wrap elementor-element-populated\">\n\t\t\t\t\t\t<div class=\"elementor-element elementor-element-afc4c08 elementor-widget elementor-widget-button\" data-id=\"afc4c08\" data-element_type=\"widget\" data-widget_type=\"button.default\">\n\t\t\t\t<div class=\"elementor-widget-container\">\n\t\t\t\t\t\t\t\t\t<div class=\"elementor-button-wrapper\">\n\t\t\t\t\t<a class=\"elementor-button elementor-button-link elementor-size-sm\" href=\"https:\/\/forms.office.com\/e\/42nEGM1jTs\">\n\t\t\t\t\t\t<span class=\"elementor-button-content-wrapper\">\n\t\t\t\t\t\t\t\t\t<span class=\"elementor-button-text\">Kliknite ovdje ZA ISPUNJAVANJE OBRASCA<\/span>\n\t\t\t\t\t<\/span>\n\t\t\t\t\t<\/a>\n\t\t\t\t<\/div>\n\t\t\t\t\t\t\t\t<\/div>\n\t\t\t\t<\/div>\n\t\t\t\t\t<\/div>\n\t\t<\/div>\n\t\t\t\t\t<\/div>\n\t\t<\/section>\n\t\t\t\t<\/div>","protected":false},"excerpt":{"rendered":"<p>Odabirom poveznice za ispunjavanje obrasca prijave radnika mo\u017eete uputiti Va\u0161e prijedloge, mi\u0161ljenja i pritu\u017ebe kao zaposlenik Spider grupe Pitoma\u010da, sa svim povezanim trgova\u010dkim dru\u0161tvima.\u00a0 Obrazac prijave nije anoniman, potrebno je unijeti Va\u0161e podatke i prihvatiti odredbe privole za prikupljanje i obradu osobnih podataka, kako bi prijava bila osnovana.\u00a0 Svi zaposlenici imaju mogu\u0107nosti ispuniti ANONIMNU prijavu [&hellip;]<\/p>","protected":false},"author":3,"featured_media":0,"parent":0,"menu_order":0,"comment_status":"closed","ping_status":"closed","template":"","meta":{"site-sidebar-layout":"no-sidebar","site-content-layout":"page-builder","ast-site-content-layout":"full-width-container","site-content-style":"default","site-sidebar-style":"default","ast-global-header-display":"","ast-banner-title-visibility":"","ast-main-header-display":"","ast-hfb-above-header-display":"","ast-hfb-below-header-display":"","ast-hfb-mobile-header-display":"","site-post-title":"","ast-breadcrumbs-content":"","ast-featured-img":"disabled","footer-sml-layout":"","theme-transparent-header-meta":"","adv-header-id-meta":"","stick-header-meta":"","header-above-stick-meta":"","header-main-stick-meta":"","header-below-stick-meta":"","astra-migrate-meta-layouts":"set","ast-page-background-enabled":"default","ast-page-background-meta":{"desktop":{"background-color":"","background-image":"","background-repeat":"repeat","background-position":"center center","background-size":"auto","background-attachment":"scroll","background-type":"","background-media":"","overlay-type":"","overlay-color":"","overlay-opacity":"","overlay-gradient":""},"tablet":{"background-color":"","background-image":"","background-repeat":"repeat","background-position":"center center","background-size":"auto","background-attachment":"scroll","background-type":"","background-media":"","overlay-type":"","overlay-color":"","overlay-opacity":"","overlay-gradient":""},"mobile":{"background-color":"","background-image":"","background-repeat":"repeat","background-position":"center center","background-size":"auto","background-attachment":"scroll","background-type":"","background-media":"","overlay-type":"","overlay-color":"","overlay-opacity":"","overlay-gradient":""}},"ast-content-background-meta":{"desktop":{"background-color":"var(--ast-global-color-5)","background-image":"","background-repeat":"repeat","background-position":"center center","background-size":"auto","background-attachment":"scroll","background-type":"","background-media":"","overlay-type":"","overlay-color":"","overlay-opacity":"","overlay-gradient":""},"tablet":{"background-color":"var(--ast-global-color-5)","background-image":"","background-repeat":"repeat","background-position":"center center","background-size":"auto","background-attachment":"scroll","background-type":"","background-media":"","overlay-type":"","overlay-color":"","overlay-opacity":"","overlay-gradient":""},"mobile":{"background-color":"var(--ast-global-color-5)","background-image":"","background-repeat":"repeat","background-position":"center center","background-size":"auto","background-attachment":"scroll","background-type":"","background-media":"","overlay-type":"","overlay-color":"","overlay-opacity":"","overlay-gradient":""}},"footnotes":""},"class_list":["post-2455","page","type-page","status-publish","hentry"],"_links":{"self":[{"href":"https:\/\/spidergrupa.hr\/en\/wp-json\/wp\/v2\/pages\/2455","targetHints":{"allow":["GET"]}}],"collection":[{"href":"https:\/\/spidergrupa.hr\/en\/wp-json\/wp\/v2\/pages"}],"about":[{"href":"https:\/\/spidergrupa.hr\/en\/wp-json\/wp\/v2\/types\/page"}],"author":[{"embeddable":true,"href":"https:\/\/spidergrupa.hr\/en\/wp-json\/wp\/v2\/users\/3"}],"replies":[{"embeddable":true,"href":"https:\/\/spidergrupa.hr\/en\/wp-json\/wp\/v2\/comments?post=2455"}],"version-history":[{"count":12,"href":"https:\/\/spidergrupa.hr\/en\/wp-json\/wp\/v2\/pages\/2455\/revisions"}],"predecessor-version":[{"id":2468,"href":"https:\/\/spidergrupa.hr\/en\/wp-json\/wp\/v2\/pages\/2455\/revisions\/2468"}],"wp:attachment":[{"href":"https:\/\/spidergrupa.hr\/en\/wp-json\/wp\/v2\/media?parent=2455"}],"curies":[{"name":"wp","href":"https:\/\/api.w.org\/{rel}","templated":true}]}}