{"id":2473,"date":"2026-02-23T09:30:38","date_gmt":"2026-02-23T08:30:38","guid":{"rendered":"https:\/\/spidergrupa.hr\/?page_id=2473"},"modified":"2026-03-02T09:09:40","modified_gmt":"2026-03-02T08:09:40","slug":"elementor-2473","status":"publish","type":"page","link":"https:\/\/spidergrupa.hr\/en\/elementor-2473\/","title":{"rendered":"EU PROJECTS"},"content":{"rendered":"<div data-elementor-type=\"wp-page\" data-elementor-id=\"2473\" class=\"elementor elementor-2473\">\n\t\t\t\t\t\t<section class=\"elementor-section elementor-top-section elementor-element elementor-element-a1a9303 elementor-section-boxed elementor-section-height-default elementor-section-height-default\" data-id=\"a1a9303\" data-element_type=\"section\" data-settings=\"{&quot;background_background&quot;:&quot;classic&quot;}\">\n\t\t\t\t\t\t\t<div class=\"elementor-background-overlay\"><\/div>\n\t\t\t\t\t\t\t<div class=\"elementor-container elementor-column-gap-default\">\n\t\t\t\t\t<div class=\"elementor-column elementor-col-100 elementor-top-column elementor-element elementor-element-95ce7ec\" data-id=\"95ce7ec\" data-element_type=\"column\">\n\t\t\t<div class=\"elementor-widget-wrap elementor-element-populated\">\n\t\t\t\t\t\t<div class=\"elementor-element elementor-element-152f093 elementor-widget elementor-widget-heading\" data-id=\"152f093\" data-element_type=\"widget\" data-widget_type=\"heading.default\">\n\t\t\t\t<div class=\"elementor-widget-container\">\n\t\t\t\t\t<h1 class=\"elementor-heading-title elementor-size-default\">EU projects<\/h1>\t\t\t\t<\/div>\n\t\t\t\t<\/div>\n\t\t\t\t\t<\/div>\n\t\t<\/div>\n\t\t\t\t\t<\/div>\n\t\t<\/section>\n\t\t\t\t<section class=\"elementor-section elementor-top-section elementor-element elementor-element-8224bb8 elementor-section-boxed elementor-section-height-default elementor-section-height-default\" data-id=\"8224bb8\" data-element_type=\"section\">\n\t\t\t\t\t\t<div class=\"elementor-container elementor-column-gap-default\">\n\t\t\t\t\t<div class=\"elementor-column elementor-col-100 elementor-top-column elementor-element elementor-element-dd31e3d\" data-id=\"dd31e3d\" data-element_type=\"column\">\n\t\t\t<div class=\"elementor-widget-wrap elementor-element-populated\">\n\t\t\t\t\t\t<div class=\"elementor-element elementor-element-f3eaf76 elementor-widget elementor-widget-heading\" data-id=\"f3eaf76\" data-element_type=\"widget\" data-widget_type=\"heading.default\">\n\t\t\t\t<div class=\"elementor-widget-container\">\n\t\t\t\t\t<h2 class=\"elementor-heading-title elementor-size-default\">PROJECT <b>\"MODERNIZATION OF PRODUCTION AND DIGITAL TRANSFORMATION OF THE BUSINESS OF JAN-SPIDER D.O.O.\u201d<\/b><\/h2>\t\t\t\t<\/div>\n\t\t\t\t<\/div>\n\t\t\t\t\t<\/div>\n\t\t<\/div>\n\t\t\t\t\t<\/div>\n\t\t<\/section>\n\t\t\t\t<section class=\"elementor-section elementor-top-section elementor-element elementor-element-17a22e0 elementor-section-boxed elementor-section-height-default elementor-section-height-default\" data-id=\"17a22e0\" data-element_type=\"section\">\n\t\t\t\t\t\t<div class=\"elementor-container elementor-column-gap-default\">\n\t\t\t\t\t<div class=\"elementor-column elementor-col-100 elementor-top-column elementor-element elementor-element-82d82ad\" data-id=\"82d82ad\" data-element_type=\"column\">\n\t\t\t<div class=\"elementor-widget-wrap elementor-element-populated\">\n\t\t\t\t\t\t<div class=\"elementor-element elementor-element-6437a07 elementor-widget elementor-widget-heading\" data-id=\"6437a07\" data-element_type=\"widget\" data-widget_type=\"heading.default\">\n\t\t\t\t<div class=\"elementor-widget-container\">\n\t\t\t\t\t<p class=\"elementor-heading-title elementor-size-default\">FINANCED BY THE EUROPEAN UNION FROM THE EUROPEAN REGIONAL DEVELOPMENT FUND<\/p>\t\t\t\t<\/div>\n\t\t\t\t<\/div>\n\t\t\t\t\t<\/div>\n\t\t<\/div>\n\t\t\t\t\t<\/div>\n\t\t<\/section>\n\t\t\t\t<section class=\"elementor-section elementor-top-section elementor-element elementor-element-654998c elementor-section-boxed elementor-section-height-default elementor-section-height-default\" data-id=\"654998c\" data-element_type=\"section\">\n\t\t\t\t\t\t<div class=\"elementor-container elementor-column-gap-default\">\n\t\t\t\t\t<div class=\"elementor-column elementor-col-33 elementor-top-column elementor-element elementor-element-e3d3550\" data-id=\"e3d3550\" data-element_type=\"column\">\n\t\t\t<div class=\"elementor-widget-wrap elementor-element-populated\">\n\t\t\t\t\t\t<div class=\"elementor-element elementor-element-95f1a7e elementor-widget elementor-widget-heading\" data-id=\"95f1a7e\" data-element_type=\"widget\" data-widget_type=\"heading.default\">\n\t\t\t\t<div class=\"elementor-widget-container\">\n\t\t\t\t\t<h3 class=\"elementor-heading-title elementor-size-default\">Project description<\/h3>\t\t\t\t<\/div>\n\t\t\t\t<\/div>\n\t\t\t\t\t<\/div>\n\t\t<\/div>\n\t\t\t\t<div class=\"elementor-column elementor-col-66 elementor-top-column elementor-element elementor-element-28ed5bd\" data-id=\"28ed5bd\" data-element_type=\"column\">\n\t\t\t<div class=\"elementor-widget-wrap elementor-element-populated\">\n\t\t\t\t\t\t<div class=\"elementor-element elementor-element-2e2909d elementor-widget elementor-widget-text-editor\" data-id=\"2e2909d\" data-element_type=\"widget\" data-widget_type=\"text-editor.default\">\n\t\t\t\t<div class=\"elementor-widget-container\">\n\t\t\t\t\t\t\t\t\t<p>The project plans acquisition of the two production lines that will significantly increase the level of automation in production (herb processing line and chamomile flower processing line \u2013 production of tea). The existing production plant is planned to be improved through the automation of steam treatment and the improvement of ventilation and dedusting systems. Furthermore the new warehouse for the final products is also planned to be build and it will be equipped with drive-in storage racks, forklifts and video surveillance. In the segment of digital solutions, it is planned to purchase software solutions that will digitize almost all business processes of the company with their eight separate modules.<\/p>\t\t\t\t\t\t\t\t<\/div>\n\t\t\t\t<\/div>\n\t\t\t\t\t<\/div>\n\t\t<\/div>\n\t\t\t\t\t<\/div>\n\t\t<\/section>\n\t\t\t\t<section class=\"elementor-section elementor-top-section elementor-element elementor-element-9d5e25f elementor-section-boxed elementor-section-height-default elementor-section-height-default\" data-id=\"9d5e25f\" data-element_type=\"section\">\n\t\t\t\t\t\t<div class=\"elementor-container elementor-column-gap-default\">\n\t\t\t\t\t<div class=\"elementor-column elementor-col-33 elementor-top-column elementor-element elementor-element-a8b3ed7\" data-id=\"a8b3ed7\" data-element_type=\"column\">\n\t\t\t<div class=\"elementor-widget-wrap elementor-element-populated\">\n\t\t\t\t\t\t<div class=\"elementor-element elementor-element-e93afc9 elementor-widget elementor-widget-heading\" data-id=\"e93afc9\" data-element_type=\"widget\" data-widget_type=\"heading.default\">\n\t\t\t\t<div class=\"elementor-widget-container\">\n\t\t\t\t\t<h3 class=\"elementor-heading-title elementor-size-default\">PURPOSE, OBJECTIVES AND EXPECTED RESULTS OF THE PROJECT<\/h3>\t\t\t\t<\/div>\n\t\t\t\t<\/div>\n\t\t\t\t\t<\/div>\n\t\t<\/div>\n\t\t\t\t<div class=\"elementor-column elementor-col-66 elementor-top-column elementor-element elementor-element-f2cd37c\" data-id=\"f2cd37c\" data-element_type=\"column\">\n\t\t\t<div class=\"elementor-widget-wrap elementor-element-populated\">\n\t\t\t\t\t\t<div class=\"elementor-element elementor-element-12c3ccf elementor-widget elementor-widget-text-editor\" data-id=\"12c3ccf\" data-element_type=\"widget\" data-widget_type=\"text-editor.default\">\n\t\t\t\t<div class=\"elementor-widget-container\">\n\t\t\t\t\t\t\t\t\t<p>The purpose of the project is to improve business through the introduction of Industry 4.0 solutions into the production process and digital solutions that will transform the company's business processes.<br \/>The strategic goals of the implementation of the project in question are 1) automation of the tea production process and 2) digitalization of business processes.<br \/>The key results of the implementation of the project in question are 1) increased production capacities by purchasing new production equipment and improving the existing production plant systems, 2) building new storage capacities for storing teas, 3) digitized business processes of the company.<br \/>Achieving the previous results will enable an increase in the productivity and competitiveness of the company, i.e. all of the above will contribute to the goal of modernizing production and digital transformation of business, improving the quality and traceability of products, increasing operational efficiency and productivity, improving inventory and warehouse management, increasing business agility and flexibility, and ultimately strengthening the company's competitiveness in the market.<\/p>\t\t\t\t\t\t\t\t<\/div>\n\t\t\t\t<\/div>\n\t\t\t\t\t<\/div>\n\t\t<\/div>\n\t\t\t\t\t<\/div>\n\t\t<\/section>\n\t\t\t\t<section class=\"elementor-section elementor-top-section elementor-element elementor-element-3ebff8c elementor-section-boxed elementor-section-height-default elementor-section-height-default\" data-id=\"3ebff8c\" data-element_type=\"section\">\n\t\t\t\t\t\t<div class=\"elementor-container elementor-column-gap-default\">\n\t\t\t\t\t<div class=\"elementor-column elementor-col-33 elementor-top-column elementor-element elementor-element-a82c596\" data-id=\"a82c596\" data-element_type=\"column\">\n\t\t\t<div class=\"elementor-widget-wrap elementor-element-populated\">\n\t\t\t\t\t\t<div class=\"elementor-element elementor-element-c82a5c2 elementor-widget elementor-widget-heading\" data-id=\"c82a5c2\" data-element_type=\"widget\" data-widget_type=\"heading.default\">\n\t\t\t\t<div class=\"elementor-widget-container\">\n\t\t\t\t\t<h3 class=\"elementor-heading-title elementor-size-default\">Implementation period<\/h3>\t\t\t\t<\/div>\n\t\t\t\t<\/div>\n\t\t\t\t\t<\/div>\n\t\t<\/div>\n\t\t\t\t<div class=\"elementor-column elementor-col-66 elementor-top-column elementor-element elementor-element-fd3e745\" data-id=\"fd3e745\" data-element_type=\"column\">\n\t\t\t<div class=\"elementor-widget-wrap elementor-element-populated\">\n\t\t\t\t\t\t<div class=\"elementor-element elementor-element-4953d40 elementor-widget elementor-widget-text-editor\" data-id=\"4953d40\" data-element_type=\"widget\" data-widget_type=\"text-editor.default\">\n\t\t\t\t<div class=\"elementor-widget-container\">\n\t\t\t\t\t\t\t\t\t<p><strong>01.04.2025. &#8211; 31.12.2026.<\/strong><\/p>\t\t\t\t\t\t\t\t<\/div>\n\t\t\t\t<\/div>\n\t\t\t\t\t<\/div>\n\t\t<\/div>\n\t\t\t\t\t<\/div>\n\t\t<\/section>\n\t\t\t\t<section class=\"elementor-section elementor-top-section elementor-element elementor-element-0a03ce9 elementor-section-boxed elementor-section-height-default elementor-section-height-default\" data-id=\"0a03ce9\" data-element_type=\"section\">\n\t\t\t\t\t\t<div class=\"elementor-container elementor-column-gap-default\">\n\t\t\t\t\t<div class=\"elementor-column elementor-col-33 elementor-top-column elementor-element elementor-element-b3ab8ca\" data-id=\"b3ab8ca\" data-element_type=\"column\">\n\t\t\t<div class=\"elementor-widget-wrap elementor-element-populated\">\n\t\t\t\t\t\t<div class=\"elementor-element elementor-element-f3033dd elementor-widget elementor-widget-heading\" data-id=\"f3033dd\" data-element_type=\"widget\" data-widget_type=\"heading.default\">\n\t\t\t\t<div class=\"elementor-widget-container\">\n\t\t\t\t\t<h3 class=\"elementor-heading-title elementor-size-default\">Total project value<\/h3>\t\t\t\t<\/div>\n\t\t\t\t<\/div>\n\t\t\t\t\t<\/div>\n\t\t<\/div>\n\t\t\t\t<div class=\"elementor-column elementor-col-66 elementor-top-column elementor-element elementor-element-0e4923a\" data-id=\"0e4923a\" data-element_type=\"column\">\n\t\t\t<div class=\"elementor-widget-wrap elementor-element-populated\">\n\t\t\t\t\t\t<div class=\"elementor-element elementor-element-44d44db elementor-widget elementor-widget-text-editor\" data-id=\"44d44db\" data-element_type=\"widget\" data-widget_type=\"text-editor.default\">\n\t\t\t\t<div class=\"elementor-widget-container\">\n\t\t\t\t\t\t\t\t\t<p><strong>3.466.630,33 EUR<\/strong><\/p>\t\t\t\t\t\t\t\t<\/div>\n\t\t\t\t<\/div>\n\t\t\t\t\t<\/div>\n\t\t<\/div>\n\t\t\t\t\t<\/div>\n\t\t<\/section>\n\t\t\t\t<section class=\"elementor-section elementor-top-section elementor-element elementor-element-03741b4 elementor-section-boxed elementor-section-height-default elementor-section-height-default\" data-id=\"03741b4\" data-element_type=\"section\">\n\t\t\t\t\t\t<div class=\"elementor-container elementor-column-gap-default\">\n\t\t\t\t\t<div class=\"elementor-column elementor-col-33 elementor-top-column elementor-element elementor-element-9f1df52\" data-id=\"9f1df52\" data-element_type=\"column\">\n\t\t\t<div class=\"elementor-widget-wrap elementor-element-populated\">\n\t\t\t\t\t\t<div class=\"elementor-element elementor-element-f7cbbca elementor-widget elementor-widget-heading\" data-id=\"f7cbbca\" data-element_type=\"widget\" data-widget_type=\"heading.default\">\n\t\t\t\t<div class=\"elementor-widget-container\">\n\t\t\t\t\t<h3 class=\"elementor-heading-title elementor-size-default\">Amount of EU support<\/h3>\t\t\t\t<\/div>\n\t\t\t\t<\/div>\n\t\t\t\t\t<\/div>\n\t\t<\/div>\n\t\t\t\t<div class=\"elementor-column elementor-col-66 elementor-top-column elementor-element elementor-element-e81c8a7\" data-id=\"e81c8a7\" data-element_type=\"column\">\n\t\t\t<div class=\"elementor-widget-wrap elementor-element-populated\">\n\t\t\t\t\t\t<div class=\"elementor-element elementor-element-5e9d039 elementor-widget elementor-widget-text-editor\" data-id=\"5e9d039\" data-element_type=\"widget\" data-widget_type=\"text-editor.default\">\n\t\t\t\t<div class=\"elementor-widget-container\">\n\t\t\t\t\t\t\t\t\t<p><strong>1.143.625,64 EUR<\/strong><\/p>\t\t\t\t\t\t\t\t<\/div>\n\t\t\t\t<\/div>\n\t\t\t\t\t<\/div>\n\t\t<\/div>\n\t\t\t\t\t<\/div>\n\t\t<\/section>\n\t\t\t\t<section class=\"elementor-section elementor-top-section elementor-element elementor-element-077c3bf elementor-section-boxed elementor-section-height-default elementor-section-height-default\" data-id=\"077c3bf\" data-element_type=\"section\">\n\t\t\t\t\t\t<div class=\"elementor-container elementor-column-gap-default\">\n\t\t\t\t\t<div class=\"elementor-column elementor-col-33 elementor-top-column elementor-element elementor-element-4c86a35\" data-id=\"4c86a35\" data-element_type=\"column\">\n\t\t\t<div class=\"elementor-widget-wrap elementor-element-populated\">\n\t\t\t\t\t\t<div class=\"elementor-element elementor-element-3061da2 elementor-widget elementor-widget-heading\" data-id=\"3061da2\" data-element_type=\"widget\" data-widget_type=\"heading.default\">\n\t\t\t\t<div class=\"elementor-widget-container\">\n\t\t\t\t\t<h3 class=\"elementor-heading-title elementor-size-default\">Contact<\/h3>\t\t\t\t<\/div>\n\t\t\t\t<\/div>\n\t\t\t\t\t<\/div>\n\t\t<\/div>\n\t\t\t\t<div class=\"elementor-column elementor-col-66 elementor-top-column elementor-element elementor-element-34534b0\" data-id=\"34534b0\" data-element_type=\"column\">\n\t\t\t<div class=\"elementor-widget-wrap elementor-element-populated\">\n\t\t\t\t\t\t<div class=\"elementor-element elementor-element-f7cbd49 elementor-widget elementor-widget-text-editor\" data-id=\"f7cbd49\" data-element_type=\"widget\" data-widget_type=\"text-editor.default\">\n\t\t\t\t<div class=\"elementor-widget-container\">\n\t\t\t\t\t\t\t\t\t<p><strong>Ivan Veli\u010dan, <a href=\"mailto:ivan.velican@jan-spider.hr\">ivan.velican@jan-spider.hr<\/a><\/strong><\/p>\t\t\t\t\t\t\t\t<\/div>\n\t\t\t\t<\/div>\n\t\t\t\t\t<\/div>\n\t\t<\/div>\n\t\t\t\t\t<\/div>\n\t\t<\/section>\n\t\t\t\t<section class=\"elementor-section elementor-top-section elementor-element elementor-element-0e2338c elementor-section-boxed elementor-section-height-default elementor-section-height-default\" data-id=\"0e2338c\" data-element_type=\"section\">\n\t\t\t\t\t\t<div class=\"elementor-container elementor-column-gap-default\">\n\t\t\t\t\t<div class=\"elementor-column elementor-col-100 elementor-top-column elementor-element elementor-element-6487168\" data-id=\"6487168\" data-element_type=\"column\">\n\t\t\t<div class=\"elementor-widget-wrap elementor-element-populated\">\n\t\t\t\t\t\t<div class=\"elementor-element elementor-element-7860081 elementor-widget elementor-widget-image\" data-id=\"7860081\" data-element_type=\"widget\" data-widget_type=\"image.default\">\n\t\t\t\t<div class=\"elementor-widget-container\">\n\t\t\t\t\t\t\t\t\t\t\t\t\t\t\t<img fetchpriority=\"high\" decoding=\"async\" width=\"1024\" height=\"257\" src=\"https:\/\/spidergrupa.hr\/wp-content\/uploads\/2026\/02\/LOGO-WEB-SUFINANC-1024x257.png\" class=\"attachment-large size-large wp-image-2475\" alt=\"\" srcset=\"https:\/\/spidergrupa.hr\/wp-content\/uploads\/2026\/02\/LOGO-WEB-SUFINANC-1024x257.png 1024w, https:\/\/spidergrupa.hr\/wp-content\/uploads\/2026\/02\/LOGO-WEB-SUFINANC-300x75.png 300w, https:\/\/spidergrupa.hr\/wp-content\/uploads\/2026\/02\/LOGO-WEB-SUFINANC-768x192.png 768w, https:\/\/spidergrupa.hr\/wp-content\/uploads\/2026\/02\/LOGO-WEB-SUFINANC-1536x385.png 1536w, https:\/\/spidergrupa.hr\/wp-content\/uploads\/2026\/02\/LOGO-WEB-SUFINANC-18x5.png 18w, https:\/\/spidergrupa.hr\/wp-content\/uploads\/2026\/02\/LOGO-WEB-SUFINANC.png 1600w\" sizes=\"(max-width: 1024px) 100vw, 1024px\" \/>\t\t\t\t\t\t\t\t\t\t\t\t\t\t\t<\/div>\n\t\t\t\t<\/div>\n\t\t\t\t\t<\/div>\n\t\t<\/div>\n\t\t\t\t\t<\/div>\n\t\t<\/section>\n\t\t\t\t<section class=\"elementor-section elementor-top-section elementor-element elementor-element-d20e0eb elementor-section-boxed elementor-section-height-default elementor-section-height-default\" data-id=\"d20e0eb\" data-element_type=\"section\">\n\t\t\t\t\t\t<div class=\"elementor-container elementor-column-gap-default\">\n\t\t\t\t\t<div class=\"elementor-column elementor-col-100 elementor-top-column elementor-element elementor-element-b886351\" data-id=\"b886351\" data-element_type=\"column\">\n\t\t\t<div class=\"elementor-widget-wrap\">\n\t\t\t\t\t\t\t<\/div>\n\t\t<\/div>\n\t\t\t\t\t<\/div>\n\t\t<\/section>\n\t\t\t\t<\/div>","protected":false},"excerpt":{"rendered":"<p>EU projekti PROJEKT \u201eMODERNIZACIJA PROIZVODNJE I DIGITALNA TRANSFORMACIJA POSLOVANJA TVRTKE JAN-SPIDER D.O.O.\u201c FINANCIRA EUROPSKA UNIJA IZ EUROPSKOG FONDA ZA REGIONALNI RAZVOJ OPIS PROJEKTA Projektom se planiraju nabaviti dvije proizvodne linije koje \u0107e zna\u010dajno pove\u0107ati razinu automatizacije u proizvodnji \u010dajeva (linija za preradu bilja i linija za preradu cvijeta kamilice). Postoje\u0107i proizvodni pogona planira se unaprijediti [&hellip;]<\/p>","protected":false},"author":3,"featured_media":0,"parent":0,"menu_order":0,"comment_status":"closed","ping_status":"closed","template":"","meta":{"site-sidebar-layout":"no-sidebar","site-content-layout":"page-builder","ast-site-content-layout":"full-width-container","site-content-style":"default","site-sidebar-style":"default","ast-global-header-display":"","ast-banner-title-visibility":"","ast-main-header-display":"","ast-hfb-above-header-display":"","ast-hfb-below-header-display":"","ast-hfb-mobile-header-display":"","site-post-title":"disabled","ast-breadcrumbs-content":"","ast-featured-img":"disabled","footer-sml-layout":"","theme-transparent-header-meta":"enabled","adv-header-id-meta":"","stick-header-meta":"","header-above-stick-meta":"","header-main-stick-meta":"","header-below-stick-meta":"","astra-migrate-meta-layouts":"set","ast-page-background-enabled":"default","ast-page-background-meta":{"desktop":{"background-color":"","background-image":"","background-repeat":"repeat","background-position":"center center","background-size":"auto","background-attachment":"scroll","background-type":"","background-media":"","overlay-type":"","overlay-color":"","overlay-opacity":"","overlay-gradient":""},"tablet":{"background-color":"","background-image":"","background-repeat":"repeat","background-position":"center center","background-size":"auto","background-attachment":"scroll","background-type":"","background-media":"","overlay-type":"","overlay-color":"","overlay-opacity":"","overlay-gradient":""},"mobile":{"background-color":"","background-image":"","background-repeat":"repeat","background-position":"center center","background-size":"auto","background-attachment":"scroll","background-type":"","background-media":"","overlay-type":"","overlay-color":"","overlay-opacity":"","overlay-gradient":""}},"ast-content-background-meta":{"desktop":{"background-color":"var(--ast-global-color-5)","background-image":"","background-repeat":"repeat","background-position":"center center","background-size":"auto","background-attachment":"scroll","background-type":"","background-media":"","overlay-type":"","overlay-color":"","overlay-opacity":"","overlay-gradient":""},"tablet":{"background-color":"var(--ast-global-color-5)","background-image":"","background-repeat":"repeat","background-position":"center center","background-size":"auto","background-attachment":"scroll","background-type":"","background-media":"","overlay-type":"","overlay-color":"","overlay-opacity":"","overlay-gradient":""},"mobile":{"background-color":"var(--ast-global-color-5)","background-image":"","background-repeat":"repeat","background-position":"center center","background-size":"auto","background-attachment":"scroll","background-type":"","background-media":"","overlay-type":"","overlay-color":"","overlay-opacity":"","overlay-gradient":""}},"footnotes":""},"class_list":["post-2473","page","type-page","status-publish","hentry"],"_links":{"self":[{"href":"https:\/\/spidergrupa.hr\/en\/wp-json\/wp\/v2\/pages\/2473","targetHints":{"allow":["GET"]}}],"collection":[{"href":"https:\/\/spidergrupa.hr\/en\/wp-json\/wp\/v2\/pages"}],"about":[{"href":"https:\/\/spidergrupa.hr\/en\/wp-json\/wp\/v2\/types\/page"}],"author":[{"embeddable":true,"href":"https:\/\/spidergrupa.hr\/en\/wp-json\/wp\/v2\/users\/3"}],"replies":[{"embeddable":true,"href":"https:\/\/spidergrupa.hr\/en\/wp-json\/wp\/v2\/comments?post=2473"}],"version-history":[{"count":23,"href":"https:\/\/spidergrupa.hr\/en\/wp-json\/wp\/v2\/pages\/2473\/revisions"}],"predecessor-version":[{"id":2500,"href":"https:\/\/spidergrupa.hr\/en\/wp-json\/wp\/v2\/pages\/2473\/revisions\/2500"}],"wp:attachment":[{"href":"https:\/\/spidergrupa.hr\/en\/wp-json\/wp\/v2\/media?parent=2473"}],"curies":[{"name":"wp","href":"https:\/\/api.w.org\/{rel}","templated":true}]}}